{"id":144,"date":"2020-06-07T13:24:36","date_gmt":"2020-06-07T11:24:36","guid":{"rendered":"http:\/\/selfdefenserioz.com\/?page_id=144"},"modified":"2024-07-19T12:28:01","modified_gmt":"2024-07-19T10:28:01","slug":"didier-guillin","status":"publish","type":"page","link":"https:\/\/karatedefenserioz.fr\/index.php\/didier-guillin\/","title":{"rendered":"Didier Guillin"},"content":{"rendered":"\n<div class=\"wp-block-columns is-layout-flex wp-container-core-columns-is-layout-9d6595d7 wp-block-columns-is-layout-flex\">\n<div class=\"wp-block-column is-vertically-aligned-center is-layout-flow wp-block-column-is-layout-flow\" style=\"flex-basis:20%\">\n<figure class=\"wp-block-gallery alignright has-nested-images columns-default is-cropped wp-block-gallery-1 is-layout-flex wp-block-gallery-is-layout-flex\">\n<figure class=\"wp-block-image size-large image-container\"><img fetchpriority=\"high\" decoding=\"async\" width=\"485\" height=\"1024\" data-id=\"1774\" src=\"http:\/\/selfdefenserioz.com\/wp-content\/uploads\/2024\/07\/20231216_170355-485x1024.jpg\" alt=\"\" class=\"wp-image-1774\" srcset=\"https:\/\/karatedefenserioz.fr\/wp-content\/uploads\/2024\/07\/20231216_170355-485x1024.jpg 485w, https:\/\/karatedefenserioz.fr\/wp-content\/uploads\/2024\/07\/20231216_170355-142x300.jpg 142w, https:\/\/karatedefenserioz.fr\/wp-content\/uploads\/2024\/07\/20231216_170355-71x150.jpg 71w, https:\/\/karatedefenserioz.fr\/wp-content\/uploads\/2024\/07\/20231216_170355-768x1623.jpg 768w, https:\/\/karatedefenserioz.fr\/wp-content\/uploads\/2024\/07\/20231216_170355-727x1536.jpg 727w, https:\/\/karatedefenserioz.fr\/wp-content\/uploads\/2024\/07\/20231216_170355-969x2048.jpg 969w, https:\/\/karatedefenserioz.fr\/wp-content\/uploads\/2024\/07\/20231216_170355-55x116.jpg 55w, https:\/\/karatedefenserioz.fr\/wp-content\/uploads\/2024\/07\/20231216_170355-scaled.jpg 1211w\" sizes=\"(max-width: 485px) 100vw, 485px\" \/><\/figure>\n<\/figure>\n<\/div>\n\n\n\n<div class=\"wp-block-column is-vertically-aligned-center is-layout-flow wp-block-column-is-layout-flow\">\n<p class=\"has-normal-font-size\">Didier passionn\u00e9 d&rsquo;arts martiaux depuis son plus jeune \u00e2ge, a plus de 40 ann\u00e9es de pratique. Il d\u00e9buta par le judo de 7 \u00e0 14 ans et en parall\u00e8le le karat\u00e9 de l&rsquo;\u00e9cole SHITO RYU pendant 18 ans.<\/p>\n\n\n\n<p class=\"has-normal-font-size\">Puis en 1998 il d\u00e9couvre le karat\u00e9 <strong>GOJU RYU<\/strong> d&rsquo;Okinawa de l&rsquo;\u00c9cole de sense\u00ef OSHIRO ZEINEI. Le club de RIOZ fait partie de l&rsquo;association OGSE Europe (www.ogse.eu). <\/p>\n\n\n\n<p class=\"has-normal-font-size\">En 2016, Didier accompagn\u00e9 de 2 de ses \u00e9l\u00e8ves, effectue un stage \u00e0 OKINAWA avec  sense\u00ef OSHIRO.<\/p>\n\n\n\n<p class=\"has-normal-font-size\">Titulaire du <strong>6\u00e8me DAN<\/strong>, il est juge de grade ceinture noire. <\/p>\n<\/div>\n<\/div>\n\n\n\n<p><\/p>\n","protected":false},"excerpt":{"rendered":"<p>Didier passionn\u00e9 d&rsquo;arts martiaux depuis son plus jeune \u00e2ge, a plus de 40 ann\u00e9es de pratique. Il d\u00e9buta par le judo de 7 \u00e0 14 ans et en parall\u00e8le le karat\u00e9 de l&rsquo;\u00e9cole SHITO RYU pendant 18 ans. Puis en 1998 il d\u00e9couvre le karat\u00e9 GOJU RYU d&rsquo;Okinawa de l&rsquo;\u00c9cole de sense\u00ef OSHIRO ZEINEI. Le<\/p>\n<div><a class=\"btn-filled btn\" href=\"https:\/\/karatedefenserioz.fr\/index.php\/didier-guillin\/\" title=\"Didier Guillin\">Lire la suite<\/a><\/div>\n","protected":false},"author":1,"featured_media":0,"parent":0,"menu_order":0,"comment_status":"closed","ping_status":"closed","template":"page-templates\/full-width.php","meta":{"_monsterinsights_skip_tracking":false,"_monsterinsights_sitenote_active":false,"_monsterinsights_sitenote_note":"","_monsterinsights_sitenote_category":0,"footnotes":""},"class_list":["post-144","page","type-page","status-publish","hentry"],"yoast_head":"<!-- This site is optimized with the Yoast SEO plugin v25.1 - https:\/\/yoast.com\/wordpress\/plugins\/seo\/ -->\n<title>Didier Guillin - Karat\u00e9 D\u00e9fense Rioz<\/title>\n<meta name=\"robots\" content=\"index, follow, max-snippet:-1, max-image-preview:large, max-video-preview:-1\" \/>\n<link rel=\"canonical\" href=\"https:\/\/karatedefenserioz.fr\/index.php\/didier-guillin\/\" \/>\n<meta property=\"og:locale\" content=\"fr_FR\" \/>\n<meta property=\"og:type\" content=\"article\" \/>\n<meta property=\"og:title\" content=\"Didier Guillin - Karat\u00e9 D\u00e9fense Rioz\" \/>\n<meta property=\"og:description\" content=\"Didier passionn\u00e9 d&rsquo;arts martiaux depuis son plus jeune \u00e2ge, a plus de 40 ann\u00e9es de pratique. Il d\u00e9buta par le judo de 7 \u00e0 14 ans et en parall\u00e8le le karat\u00e9 de l&rsquo;\u00e9cole SHITO RYU pendant 18 ans. Puis en 1998 il d\u00e9couvre le karat\u00e9 GOJU RYU d&rsquo;Okinawa de l&rsquo;\u00c9cole de sense\u00ef OSHIRO ZEINEI. LeLire la suite\" \/>\n<meta property=\"og:url\" content=\"https:\/\/karatedefenserioz.fr\/index.php\/didier-guillin\/\" \/>\n<meta property=\"og:site_name\" content=\"Karat\u00e9 D\u00e9fense Rioz\" \/>\n<meta property=\"article:modified_time\" content=\"2024-07-19T10:28:01+00:00\" \/>\n<meta property=\"og:image\" content=\"http:\/\/selfdefenserioz.com\/wp-content\/uploads\/2024\/07\/20231216_170355-485x1024.jpg\" \/>\n<meta name=\"twitter:card\" content=\"summary_large_image\" \/>\n<meta name=\"twitter:label1\" content=\"Dur\u00e9e de lecture estim\u00e9e\" \/>\n\t<meta name=\"twitter:data1\" content=\"1 minute\" \/>\n<script type=\"application\/ld+json\" class=\"yoast-schema-graph\">{\"@context\":\"https:\/\/schema.org\",\"@graph\":[{\"@type\":\"WebPage\",\"@id\":\"https:\/\/karatedefenserioz.fr\/index.php\/didier-guillin\/\",\"url\":\"https:\/\/karatedefenserioz.fr\/index.php\/didier-guillin\/\",\"name\":\"Didier Guillin - Karat\u00e9 D\u00e9fense Rioz\",\"isPartOf\":{\"@id\":\"https:\/\/karatedefenserioz.fr\/#website\"},\"primaryImageOfPage\":{\"@id\":\"https:\/\/karatedefenserioz.fr\/index.php\/didier-guillin\/#primaryimage\"},\"image\":{\"@id\":\"https:\/\/karatedefenserioz.fr\/index.php\/didier-guillin\/#primaryimage\"},\"thumbnailUrl\":\"http:\/\/selfdefenserioz.com\/wp-content\/uploads\/2024\/07\/20231216_170355-485x1024.jpg\",\"datePublished\":\"2020-06-07T11:24:36+00:00\",\"dateModified\":\"2024-07-19T10:28:01+00:00\",\"breadcrumb\":{\"@id\":\"https:\/\/karatedefenserioz.fr\/index.php\/didier-guillin\/#breadcrumb\"},\"inLanguage\":\"fr-FR\",\"potentialAction\":[{\"@type\":\"ReadAction\",\"target\":[\"https:\/\/karatedefenserioz.fr\/index.php\/didier-guillin\/\"]}]},{\"@type\":\"ImageObject\",\"inLanguage\":\"fr-FR\",\"@id\":\"https:\/\/karatedefenserioz.fr\/index.php\/didier-guillin\/#primaryimage\",\"url\":\"http:\/\/selfdefenserioz.com\/wp-content\/uploads\/2024\/07\/20231216_170355-485x1024.jpg\",\"contentUrl\":\"http:\/\/selfdefenserioz.com\/wp-content\/uploads\/2024\/07\/20231216_170355-485x1024.jpg\"},{\"@type\":\"BreadcrumbList\",\"@id\":\"https:\/\/karatedefenserioz.fr\/index.php\/didier-guillin\/#breadcrumb\",\"itemListElement\":[{\"@type\":\"ListItem\",\"position\":1,\"name\":\"Accueil\",\"item\":\"https:\/\/karatedefenserioz.fr\/\"},{\"@type\":\"ListItem\",\"position\":2,\"name\":\"Didier Guillin\"}]},{\"@type\":\"WebSite\",\"@id\":\"https:\/\/karatedefenserioz.fr\/#website\",\"url\":\"https:\/\/karatedefenserioz.fr\/\",\"name\":\"Self Defense Rioz\",\"description\":\"Site de pr\u00e9sentation de l&#039;association self d\u00e9fense Rioz\",\"publisher\":{\"@id\":\"https:\/\/karatedefenserioz.fr\/#organization\"},\"potentialAction\":[{\"@type\":\"SearchAction\",\"target\":{\"@type\":\"EntryPoint\",\"urlTemplate\":\"https:\/\/karatedefenserioz.fr\/?s={search_term_string}\"},\"query-input\":{\"@type\":\"PropertyValueSpecification\",\"valueRequired\":true,\"valueName\":\"search_term_string\"}}],\"inLanguage\":\"fr-FR\"},{\"@type\":\"Organization\",\"@id\":\"https:\/\/karatedefenserioz.fr\/#organization\",\"name\":\"Self Defense Rioz\",\"url\":\"https:\/\/karatedefenserioz.fr\/\",\"logo\":{\"@type\":\"ImageObject\",\"inLanguage\":\"fr-FR\",\"@id\":\"https:\/\/karatedefenserioz.fr\/#\/schema\/logo\/image\/\",\"url\":\"https:\/\/karatedefenserioz.fr\/wp-content\/uploads\/2025\/08\/cropped-arrier-plan-transparent-rectangle.png\",\"contentUrl\":\"https:\/\/karatedefenserioz.fr\/wp-content\/uploads\/2025\/08\/cropped-arrier-plan-transparent-rectangle.png\",\"width\":500,\"height\":203,\"caption\":\"Self Defense Rioz\"},\"image\":{\"@id\":\"https:\/\/karatedefenserioz.fr\/#\/schema\/logo\/image\/\"}}]}<\/script>\n<!-- \/ Yoast SEO plugin. -->","yoast_head_json":{"title":"Didier Guillin - Karat\u00e9 D\u00e9fense Rioz","robots":{"index":"index","follow":"follow","max-snippet":"max-snippet:-1","max-image-preview":"max-image-preview:large","max-video-preview":"max-video-preview:-1"},"canonical":"https:\/\/karatedefenserioz.fr\/index.php\/didier-guillin\/","og_locale":"fr_FR","og_type":"article","og_title":"Didier Guillin - Karat\u00e9 D\u00e9fense Rioz","og_description":"Didier passionn\u00e9 d&rsquo;arts martiaux depuis son plus jeune \u00e2ge, a plus de 40 ann\u00e9es de pratique. Il d\u00e9buta par le judo de 7 \u00e0 14 ans et en parall\u00e8le le karat\u00e9 de l&rsquo;\u00e9cole SHITO RYU pendant 18 ans. Puis en 1998 il d\u00e9couvre le karat\u00e9 GOJU RYU d&rsquo;Okinawa de l&rsquo;\u00c9cole de sense\u00ef OSHIRO ZEINEI. LeLire la suite","og_url":"https:\/\/karatedefenserioz.fr\/index.php\/didier-guillin\/","og_site_name":"Karat\u00e9 D\u00e9fense Rioz","article_modified_time":"2024-07-19T10:28:01+00:00","og_image":[{"url":"http:\/\/selfdefenserioz.com\/wp-content\/uploads\/2024\/07\/20231216_170355-485x1024.jpg","type":"","width":"","height":""}],"twitter_card":"summary_large_image","twitter_misc":{"Dur\u00e9e de lecture estim\u00e9e":"1 minute"},"schema":{"@context":"https:\/\/schema.org","@graph":[{"@type":"WebPage","@id":"https:\/\/karatedefenserioz.fr\/index.php\/didier-guillin\/","url":"https:\/\/karatedefenserioz.fr\/index.php\/didier-guillin\/","name":"Didier Guillin - Karat\u00e9 D\u00e9fense Rioz","isPartOf":{"@id":"https:\/\/karatedefenserioz.fr\/#website"},"primaryImageOfPage":{"@id":"https:\/\/karatedefenserioz.fr\/index.php\/didier-guillin\/#primaryimage"},"image":{"@id":"https:\/\/karatedefenserioz.fr\/index.php\/didier-guillin\/#primaryimage"},"thumbnailUrl":"http:\/\/selfdefenserioz.com\/wp-content\/uploads\/2024\/07\/20231216_170355-485x1024.jpg","datePublished":"2020-06-07T11:24:36+00:00","dateModified":"2024-07-19T10:28:01+00:00","breadcrumb":{"@id":"https:\/\/karatedefenserioz.fr\/index.php\/didier-guillin\/#breadcrumb"},"inLanguage":"fr-FR","potentialAction":[{"@type":"ReadAction","target":["https:\/\/karatedefenserioz.fr\/index.php\/didier-guillin\/"]}]},{"@type":"ImageObject","inLanguage":"fr-FR","@id":"https:\/\/karatedefenserioz.fr\/index.php\/didier-guillin\/#primaryimage","url":"http:\/\/selfdefenserioz.com\/wp-content\/uploads\/2024\/07\/20231216_170355-485x1024.jpg","contentUrl":"http:\/\/selfdefenserioz.com\/wp-content\/uploads\/2024\/07\/20231216_170355-485x1024.jpg"},{"@type":"BreadcrumbList","@id":"https:\/\/karatedefenserioz.fr\/index.php\/didier-guillin\/#breadcrumb","itemListElement":[{"@type":"ListItem","position":1,"name":"Accueil","item":"https:\/\/karatedefenserioz.fr\/"},{"@type":"ListItem","position":2,"name":"Didier Guillin"}]},{"@type":"WebSite","@id":"https:\/\/karatedefenserioz.fr\/#website","url":"https:\/\/karatedefenserioz.fr\/","name":"Self Defense Rioz","description":"Site de pr\u00e9sentation de l&#039;association self d\u00e9fense Rioz","publisher":{"@id":"https:\/\/karatedefenserioz.fr\/#organization"},"potentialAction":[{"@type":"SearchAction","target":{"@type":"EntryPoint","urlTemplate":"https:\/\/karatedefenserioz.fr\/?s={search_term_string}"},"query-input":{"@type":"PropertyValueSpecification","valueRequired":true,"valueName":"search_term_string"}}],"inLanguage":"fr-FR"},{"@type":"Organization","@id":"https:\/\/karatedefenserioz.fr\/#organization","name":"Self Defense Rioz","url":"https:\/\/karatedefenserioz.fr\/","logo":{"@type":"ImageObject","inLanguage":"fr-FR","@id":"https:\/\/karatedefenserioz.fr\/#\/schema\/logo\/image\/","url":"https:\/\/karatedefenserioz.fr\/wp-content\/uploads\/2025\/08\/cropped-arrier-plan-transparent-rectangle.png","contentUrl":"https:\/\/karatedefenserioz.fr\/wp-content\/uploads\/2025\/08\/cropped-arrier-plan-transparent-rectangle.png","width":500,"height":203,"caption":"Self Defense Rioz"},"image":{"@id":"https:\/\/karatedefenserioz.fr\/#\/schema\/logo\/image\/"}}]}},"_links":{"self":[{"href":"https:\/\/karatedefenserioz.fr\/index.php\/wp-json\/wp\/v2\/pages\/144","targetHints":{"allow":["GET"]}}],"collection":[{"href":"https:\/\/karatedefenserioz.fr\/index.php\/wp-json\/wp\/v2\/pages"}],"about":[{"href":"https:\/\/karatedefenserioz.fr\/index.php\/wp-json\/wp\/v2\/types\/page"}],"author":[{"embeddable":true,"href":"https:\/\/karatedefenserioz.fr\/index.php\/wp-json\/wp\/v2\/users\/1"}],"replies":[{"embeddable":true,"href":"https:\/\/karatedefenserioz.fr\/index.php\/wp-json\/wp\/v2\/comments?post=144"}],"version-history":[{"count":21,"href":"https:\/\/karatedefenserioz.fr\/index.php\/wp-json\/wp\/v2\/pages\/144\/revisions"}],"predecessor-version":[{"id":1775,"href":"https:\/\/karatedefenserioz.fr\/index.php\/wp-json\/wp\/v2\/pages\/144\/revisions\/1775"}],"wp:attachment":[{"href":"https:\/\/karatedefenserioz.fr\/index.php\/wp-json\/wp\/v2\/media?parent=144"}],"curies":[{"name":"wp","href":"https:\/\/api.w.org\/{rel}","templated":true}]}}