{"id":146,"date":"2020-06-07T13:26:40","date_gmt":"2020-06-07T11:26:40","guid":{"rendered":"http:\/\/selfdefenserioz.com\/?page_id=146"},"modified":"2025-08-15T23:13:25","modified_gmt":"2025-08-15T21:13:25","slug":"alexandre-oudin","status":"publish","type":"page","link":"https:\/\/karatedefenserioz.fr\/index.php\/alexandre-oudin\/","title":{"rendered":"Alexandre Oudin"},"content":{"rendered":"\n<div class=\"wp-block-group\"><div class=\"wp-block-group__inner-container is-layout-constrained wp-block-group-is-layout-constrained\">\n<div class=\"wp-block-group is-nowrap is-layout-flex wp-container-core-group-is-layout-ad2f72ca wp-block-group-is-layout-flex\">\n<figure class=\"wp-block-image size-large is-resized\"><img fetchpriority=\"high\" decoding=\"async\" width=\"485\" height=\"1024\" src=\"http:\/\/selfdefenserioz.com\/wp-content\/uploads\/2024\/07\/20240329_193806-485x1024.jpg\" alt=\"\" class=\"wp-image-1777\" style=\"aspect-ratio:0.4736328125;width:611px;height:auto\" srcset=\"https:\/\/karatedefenserioz.fr\/wp-content\/uploads\/2024\/07\/20240329_193806-485x1024.jpg 485w, https:\/\/karatedefenserioz.fr\/wp-content\/uploads\/2024\/07\/20240329_193806-142x300.jpg 142w, https:\/\/karatedefenserioz.fr\/wp-content\/uploads\/2024\/07\/20240329_193806-71x150.jpg 71w, https:\/\/karatedefenserioz.fr\/wp-content\/uploads\/2024\/07\/20240329_193806-768x1623.jpg 768w, https:\/\/karatedefenserioz.fr\/wp-content\/uploads\/2024\/07\/20240329_193806-727x1536.jpg 727w, https:\/\/karatedefenserioz.fr\/wp-content\/uploads\/2024\/07\/20240329_193806-969x2048.jpg 969w, https:\/\/karatedefenserioz.fr\/wp-content\/uploads\/2024\/07\/20240329_193806-55x116.jpg 55w, https:\/\/karatedefenserioz.fr\/wp-content\/uploads\/2024\/07\/20240329_193806-scaled.jpg 1211w\" sizes=\"(max-width: 485px) 100vw, 485px\" \/><\/figure>\n\n\n\n<p class=\"has-normal-font-size\">Alexandre pratique le karat\u00e9 depuis 1999 dans le style de <strong>karat\u00e9 GOJU RYU<\/strong>. Apr\u00e8s une longue p\u00e9riode de pratiquant en tant que 1\u00e8re Dan, il d\u00e9cide de passer le cran sup\u00e9rieur et continue de monter en grade. il obtient son <strong>3\u00e8me DAN<\/strong> en F\u00e9vrier 2024. <br><br>Dans l&rsquo;optique de partager son exp\u00e9rience, il passe son <strong>Dipl\u00f4me d&rsquo;Animateur F\u00e9d\u00e9ral de karat\u00e9<\/strong> aupr\u00e8s de la FFKDA pour donner des cours.<\/p>\n<\/div>\n<\/div><\/div>\n","protected":false},"excerpt":{"rendered":"<p>Alexandre pratique le karat\u00e9 depuis 1999 dans le style de karat\u00e9 GOJU RYU. Apr\u00e8s une longue p\u00e9riode de pratiquant en tant que 1\u00e8re Dan, il d\u00e9cide de passer le cran sup\u00e9rieur et continue de monter en grade. il obtient son 3\u00e8me DAN en F\u00e9vrier 2024. Dans l&rsquo;optique de partager son exp\u00e9rience, il passe son Dipl\u00f4me<\/p>\n<div><a class=\"btn-filled btn\" href=\"https:\/\/karatedefenserioz.fr\/index.php\/alexandre-oudin\/\" title=\"Alexandre Oudin\">Lire la suite<\/a><\/div>\n","protected":false},"author":1,"featured_media":0,"parent":0,"menu_order":0,"comment_status":"closed","ping_status":"closed","template":"elementor_header_footer","meta":{"_monsterinsights_skip_tracking":false,"_monsterinsights_sitenote_active":false,"_monsterinsights_sitenote_note":"","_monsterinsights_sitenote_category":0,"footnotes":""},"class_list":["post-146","page","type-page","status-publish","hentry"],"yoast_head":"<!-- This site is optimized with the Yoast SEO plugin v25.1 - https:\/\/yoast.com\/wordpress\/plugins\/seo\/ -->\n<title>Alexandre Oudin - Karat\u00e9 D\u00e9fense Rioz<\/title>\n<meta name=\"robots\" content=\"index, follow, max-snippet:-1, max-image-preview:large, max-video-preview:-1\" \/>\n<link rel=\"canonical\" href=\"https:\/\/karatedefenserioz.fr\/index.php\/alexandre-oudin\/\" \/>\n<meta property=\"og:locale\" content=\"fr_FR\" \/>\n<meta property=\"og:type\" content=\"article\" \/>\n<meta property=\"og:title\" content=\"Alexandre Oudin - Karat\u00e9 D\u00e9fense Rioz\" \/>\n<meta property=\"og:description\" content=\"Alexandre pratique le karat\u00e9 depuis 1999 dans le style de karat\u00e9 GOJU RYU. Apr\u00e8s une longue p\u00e9riode de pratiquant en tant que 1\u00e8re Dan, il d\u00e9cide de passer le cran sup\u00e9rieur et continue de monter en grade. il obtient son 3\u00e8me DAN en F\u00e9vrier 2024. Dans l&rsquo;optique de partager son exp\u00e9rience, il passe son Dipl\u00f4meLire la suite\" \/>\n<meta property=\"og:url\" content=\"https:\/\/karatedefenserioz.fr\/index.php\/alexandre-oudin\/\" \/>\n<meta property=\"og:site_name\" content=\"Karat\u00e9 D\u00e9fense Rioz\" \/>\n<meta property=\"article:modified_time\" content=\"2025-08-15T21:13:25+00:00\" \/>\n<meta property=\"og:image\" content=\"http:\/\/selfdefenserioz.com\/wp-content\/uploads\/2024\/07\/20240329_193806-485x1024.jpg\" \/>\n<meta name=\"twitter:card\" content=\"summary_large_image\" \/>\n<meta name=\"twitter:label1\" content=\"Dur\u00e9e de lecture estim\u00e9e\" \/>\n\t<meta name=\"twitter:data1\" content=\"1 minute\" \/>\n<script type=\"application\/ld+json\" class=\"yoast-schema-graph\">{\"@context\":\"https:\/\/schema.org\",\"@graph\":[{\"@type\":\"WebPage\",\"@id\":\"https:\/\/karatedefenserioz.fr\/index.php\/alexandre-oudin\/\",\"url\":\"https:\/\/karatedefenserioz.fr\/index.php\/alexandre-oudin\/\",\"name\":\"Alexandre Oudin - Karat\u00e9 D\u00e9fense Rioz\",\"isPartOf\":{\"@id\":\"https:\/\/karatedefenserioz.fr\/#website\"},\"primaryImageOfPage\":{\"@id\":\"https:\/\/karatedefenserioz.fr\/index.php\/alexandre-oudin\/#primaryimage\"},\"image\":{\"@id\":\"https:\/\/karatedefenserioz.fr\/index.php\/alexandre-oudin\/#primaryimage\"},\"thumbnailUrl\":\"http:\/\/selfdefenserioz.com\/wp-content\/uploads\/2024\/07\/20240329_193806-485x1024.jpg\",\"datePublished\":\"2020-06-07T11:26:40+00:00\",\"dateModified\":\"2025-08-15T21:13:25+00:00\",\"breadcrumb\":{\"@id\":\"https:\/\/karatedefenserioz.fr\/index.php\/alexandre-oudin\/#breadcrumb\"},\"inLanguage\":\"fr-FR\",\"potentialAction\":[{\"@type\":\"ReadAction\",\"target\":[\"https:\/\/karatedefenserioz.fr\/index.php\/alexandre-oudin\/\"]}]},{\"@type\":\"ImageObject\",\"inLanguage\":\"fr-FR\",\"@id\":\"https:\/\/karatedefenserioz.fr\/index.php\/alexandre-oudin\/#primaryimage\",\"url\":\"http:\/\/selfdefenserioz.com\/wp-content\/uploads\/2024\/07\/20240329_193806-485x1024.jpg\",\"contentUrl\":\"http:\/\/selfdefenserioz.com\/wp-content\/uploads\/2024\/07\/20240329_193806-485x1024.jpg\"},{\"@type\":\"BreadcrumbList\",\"@id\":\"https:\/\/karatedefenserioz.fr\/index.php\/alexandre-oudin\/#breadcrumb\",\"itemListElement\":[{\"@type\":\"ListItem\",\"position\":1,\"name\":\"Accueil\",\"item\":\"https:\/\/karatedefenserioz.fr\/\"},{\"@type\":\"ListItem\",\"position\":2,\"name\":\"Alexandre Oudin\"}]},{\"@type\":\"WebSite\",\"@id\":\"https:\/\/karatedefenserioz.fr\/#website\",\"url\":\"https:\/\/karatedefenserioz.fr\/\",\"name\":\"Self Defense Rioz\",\"description\":\"Site de pr\u00e9sentation de l&#039;association self d\u00e9fense Rioz\",\"publisher\":{\"@id\":\"https:\/\/karatedefenserioz.fr\/#organization\"},\"potentialAction\":[{\"@type\":\"SearchAction\",\"target\":{\"@type\":\"EntryPoint\",\"urlTemplate\":\"https:\/\/karatedefenserioz.fr\/?s={search_term_string}\"},\"query-input\":{\"@type\":\"PropertyValueSpecification\",\"valueRequired\":true,\"valueName\":\"search_term_string\"}}],\"inLanguage\":\"fr-FR\"},{\"@type\":\"Organization\",\"@id\":\"https:\/\/karatedefenserioz.fr\/#organization\",\"name\":\"Self Defense Rioz\",\"url\":\"https:\/\/karatedefenserioz.fr\/\",\"logo\":{\"@type\":\"ImageObject\",\"inLanguage\":\"fr-FR\",\"@id\":\"https:\/\/karatedefenserioz.fr\/#\/schema\/logo\/image\/\",\"url\":\"https:\/\/karatedefenserioz.fr\/wp-content\/uploads\/2025\/08\/cropped-arrier-plan-transparent-rectangle.png\",\"contentUrl\":\"https:\/\/karatedefenserioz.fr\/wp-content\/uploads\/2025\/08\/cropped-arrier-plan-transparent-rectangle.png\",\"width\":500,\"height\":203,\"caption\":\"Self Defense Rioz\"},\"image\":{\"@id\":\"https:\/\/karatedefenserioz.fr\/#\/schema\/logo\/image\/\"}}]}<\/script>\n<!-- \/ Yoast SEO plugin. -->","yoast_head_json":{"title":"Alexandre Oudin - Karat\u00e9 D\u00e9fense Rioz","robots":{"index":"index","follow":"follow","max-snippet":"max-snippet:-1","max-image-preview":"max-image-preview:large","max-video-preview":"max-video-preview:-1"},"canonical":"https:\/\/karatedefenserioz.fr\/index.php\/alexandre-oudin\/","og_locale":"fr_FR","og_type":"article","og_title":"Alexandre Oudin - Karat\u00e9 D\u00e9fense Rioz","og_description":"Alexandre pratique le karat\u00e9 depuis 1999 dans le style de karat\u00e9 GOJU RYU. Apr\u00e8s une longue p\u00e9riode de pratiquant en tant que 1\u00e8re Dan, il d\u00e9cide de passer le cran sup\u00e9rieur et continue de monter en grade. il obtient son 3\u00e8me DAN en F\u00e9vrier 2024. Dans l&rsquo;optique de partager son exp\u00e9rience, il passe son Dipl\u00f4meLire la suite","og_url":"https:\/\/karatedefenserioz.fr\/index.php\/alexandre-oudin\/","og_site_name":"Karat\u00e9 D\u00e9fense Rioz","article_modified_time":"2025-08-15T21:13:25+00:00","og_image":[{"url":"http:\/\/selfdefenserioz.com\/wp-content\/uploads\/2024\/07\/20240329_193806-485x1024.jpg","type":"","width":"","height":""}],"twitter_card":"summary_large_image","twitter_misc":{"Dur\u00e9e de lecture estim\u00e9e":"1 minute"},"schema":{"@context":"https:\/\/schema.org","@graph":[{"@type":"WebPage","@id":"https:\/\/karatedefenserioz.fr\/index.php\/alexandre-oudin\/","url":"https:\/\/karatedefenserioz.fr\/index.php\/alexandre-oudin\/","name":"Alexandre Oudin - Karat\u00e9 D\u00e9fense Rioz","isPartOf":{"@id":"https:\/\/karatedefenserioz.fr\/#website"},"primaryImageOfPage":{"@id":"https:\/\/karatedefenserioz.fr\/index.php\/alexandre-oudin\/#primaryimage"},"image":{"@id":"https:\/\/karatedefenserioz.fr\/index.php\/alexandre-oudin\/#primaryimage"},"thumbnailUrl":"http:\/\/selfdefenserioz.com\/wp-content\/uploads\/2024\/07\/20240329_193806-485x1024.jpg","datePublished":"2020-06-07T11:26:40+00:00","dateModified":"2025-08-15T21:13:25+00:00","breadcrumb":{"@id":"https:\/\/karatedefenserioz.fr\/index.php\/alexandre-oudin\/#breadcrumb"},"inLanguage":"fr-FR","potentialAction":[{"@type":"ReadAction","target":["https:\/\/karatedefenserioz.fr\/index.php\/alexandre-oudin\/"]}]},{"@type":"ImageObject","inLanguage":"fr-FR","@id":"https:\/\/karatedefenserioz.fr\/index.php\/alexandre-oudin\/#primaryimage","url":"http:\/\/selfdefenserioz.com\/wp-content\/uploads\/2024\/07\/20240329_193806-485x1024.jpg","contentUrl":"http:\/\/selfdefenserioz.com\/wp-content\/uploads\/2024\/07\/20240329_193806-485x1024.jpg"},{"@type":"BreadcrumbList","@id":"https:\/\/karatedefenserioz.fr\/index.php\/alexandre-oudin\/#breadcrumb","itemListElement":[{"@type":"ListItem","position":1,"name":"Accueil","item":"https:\/\/karatedefenserioz.fr\/"},{"@type":"ListItem","position":2,"name":"Alexandre Oudin"}]},{"@type":"WebSite","@id":"https:\/\/karatedefenserioz.fr\/#website","url":"https:\/\/karatedefenserioz.fr\/","name":"Self Defense Rioz","description":"Site de pr\u00e9sentation de l&#039;association self d\u00e9fense Rioz","publisher":{"@id":"https:\/\/karatedefenserioz.fr\/#organization"},"potentialAction":[{"@type":"SearchAction","target":{"@type":"EntryPoint","urlTemplate":"https:\/\/karatedefenserioz.fr\/?s={search_term_string}"},"query-input":{"@type":"PropertyValueSpecification","valueRequired":true,"valueName":"search_term_string"}}],"inLanguage":"fr-FR"},{"@type":"Organization","@id":"https:\/\/karatedefenserioz.fr\/#organization","name":"Self Defense Rioz","url":"https:\/\/karatedefenserioz.fr\/","logo":{"@type":"ImageObject","inLanguage":"fr-FR","@id":"https:\/\/karatedefenserioz.fr\/#\/schema\/logo\/image\/","url":"https:\/\/karatedefenserioz.fr\/wp-content\/uploads\/2025\/08\/cropped-arrier-plan-transparent-rectangle.png","contentUrl":"https:\/\/karatedefenserioz.fr\/wp-content\/uploads\/2025\/08\/cropped-arrier-plan-transparent-rectangle.png","width":500,"height":203,"caption":"Self Defense Rioz"},"image":{"@id":"https:\/\/karatedefenserioz.fr\/#\/schema\/logo\/image\/"}}]}},"_links":{"self":[{"href":"https:\/\/karatedefenserioz.fr\/index.php\/wp-json\/wp\/v2\/pages\/146","targetHints":{"allow":["GET"]}}],"collection":[{"href":"https:\/\/karatedefenserioz.fr\/index.php\/wp-json\/wp\/v2\/pages"}],"about":[{"href":"https:\/\/karatedefenserioz.fr\/index.php\/wp-json\/wp\/v2\/types\/page"}],"author":[{"embeddable":true,"href":"https:\/\/karatedefenserioz.fr\/index.php\/wp-json\/wp\/v2\/users\/1"}],"replies":[{"embeddable":true,"href":"https:\/\/karatedefenserioz.fr\/index.php\/wp-json\/wp\/v2\/comments?post=146"}],"version-history":[{"count":10,"href":"https:\/\/karatedefenserioz.fr\/index.php\/wp-json\/wp\/v2\/pages\/146\/revisions"}],"predecessor-version":[{"id":1885,"href":"https:\/\/karatedefenserioz.fr\/index.php\/wp-json\/wp\/v2\/pages\/146\/revisions\/1885"}],"wp:attachment":[{"href":"https:\/\/karatedefenserioz.fr\/index.php\/wp-json\/wp\/v2\/media?parent=146"}],"curies":[{"name":"wp","href":"https:\/\/api.w.org\/{rel}","templated":true}]}}