{"id":150,"date":"2020-06-07T13:28:09","date_gmt":"2020-06-07T11:28:09","guid":{"rendered":"http:\/\/selfdefenserioz.com\/?page_id=150"},"modified":"2021-01-06T18:51:47","modified_gmt":"2021-01-06T17:51:47","slug":"michael-fitzrobert","status":"publish","type":"page","link":"https:\/\/karatedefenserioz.fr\/index.php\/michael-fitzrobert\/","title":{"rendered":"Michael Fitzrobert"},"content":{"rendered":"\n<p>Pratiquants de divers horizons, Michael est un combattant aguerri attestant de 27 ann\u00e9es de pratique des arts martiaux et de plusieurs exp\u00e9riences en combats r\u00e9els. Principalement\u00a0dans des disciplines telles que le Karate\u00a0Wado Ryu\u00a0(1<sup>er<\/sup>\u00a0Dan FFKDA),\u00a0le Karate Goju\u00a0Ryu\u00a0(1<sup>er<\/sup>\u00a0Dan FFKDA), le Tai Chi Chuan de style Sun (disciple pendant un temps de Ma\u00eetre\u00a0Sun Gen Fa), la Self D\u00e9fense, le Xing Yi Quan, le Iaido, le Kenjutsu, l\u2019Aikido, le MMA, le Systema, la Boxe Anglaise, le Full Contact, etc\u2026<\/p>\n\n\n\n<div class=\"wp-block-columns is-layout-flex wp-container-core-columns-is-layout-9d6595d7 wp-block-columns-is-layout-flex\">\n<div class=\"wp-block-column is-vertically-aligned-center is-layout-flow wp-block-column-is-layout-flow\" style=\"flex-basis:100%\">\n<p>Il a d\u00e9couvert le combat au B\u00e2ton Irlandais en 2014&nbsp;avec le style Doyle, avant de s\u2019engager dans la pratique et la diffusion du <strong>style Antrim<\/strong> en 2018. En 2019, il \u00e9tait pressenti pour devenir Directeur Technique National de l\u2019Antrim Bata en France.<\/p>\n\n\n\n<p>Michael a plusieurs ann\u00e9es d\u2019exp\u00e9rience professionnelle dans les m\u00e9tiers de la s\u00e9curit\u00e9 (soldat dans l\u2019arm\u00e9e de terre, videur, pr\u00e9vol) et poss\u00e8de deux <strong>dipl\u00f4mes d\u2019\u00c9tat de type CQP (Certificat de Qualification Professionnelle) <\/strong>dans les domaines de l\u2019enseignement des arts martiaux et de la s\u00e9curit\u00e9 priv\u00e9e.<\/p>\n\n\n\n<p>Fort de son bagage technique dans les arts internes et d\u2019un temps cons\u00e9quent de pratique quotidienne depuis plus d\u2019une d\u00e9cennie, Michael a entrepris de travailler \u00e0 la conceptualisation d\u2019un art martial complet, ancr\u00e9 dans l\u2019\u00e9poque actuelle, prenant racine dans les r\u00e9pertoires techniques traditionnels irlandais du <strong>combat au b\u00e2ton<\/strong> (Bataireacht) et \u00e0 mains nues (Bare&nbsp;Knuckle).<\/p>\n\n\n\n<p>Michael est le <strong>fondateur et le Directeur Technique<\/strong> de cette nouvelle discipline ind\u00e9pendante de toutes f\u00e9d\u00e9rations, qui se veut interne, technique, pragmatique, efficace et sans concession.<\/p>\n\n\n\n<div class=\"wp-block-image is-style-rounded\"><figure class=\"aligncenter size-large\"><img decoding=\"async\" src=\"http:\/\/selfdefenserioz.com\/wp-content\/uploads\/2021\/01\/michael.jpeg\" alt=\"Michael lors d\u2019un stage en 2019\" class=\"wp-image-829\"\/><\/figure><\/div>\n<\/div>\n<\/div>\n\n\n\n<p><\/p>\n","protected":false},"excerpt":{"rendered":"<p>Pratiquants de divers horizons, Michael est un combattant aguerri attestant de 27 ann\u00e9es de pratique des arts martiaux et de plusieurs exp\u00e9riences en combats r\u00e9els. Principalement\u00a0dans des disciplines telles que le Karate\u00a0Wado Ryu\u00a0(1er\u00a0Dan FFKDA),\u00a0le Karate Goju\u00a0Ryu\u00a0(1er\u00a0Dan FFKDA), le Tai Chi Chuan de style Sun (disciple pendant un temps de Ma\u00eetre\u00a0Sun Gen Fa), la Self D\u00e9fense,<\/p>\n<div><a class=\"btn-filled btn\" href=\"https:\/\/karatedefenserioz.fr\/index.php\/michael-fitzrobert\/\" title=\"Michael Fitzrobert\">Lire la suite<\/a><\/div>\n","protected":false},"author":1,"featured_media":0,"parent":0,"menu_order":0,"comment_status":"closed","ping_status":"closed","template":"page-templates\/full-width.php","meta":{"_monsterinsights_skip_tracking":false,"_monsterinsights_sitenote_active":false,"_monsterinsights_sitenote_note":"","_monsterinsights_sitenote_category":0,"footnotes":""},"class_list":["post-150","page","type-page","status-publish","hentry"],"yoast_head":"<!-- This site is optimized with the Yoast SEO plugin v25.1 - https:\/\/yoast.com\/wordpress\/plugins\/seo\/ -->\n<title>Michael Fitzrobert - Karat\u00e9 D\u00e9fense Rioz<\/title>\n<meta name=\"robots\" content=\"index, follow, max-snippet:-1, max-image-preview:large, max-video-preview:-1\" \/>\n<link rel=\"canonical\" href=\"https:\/\/karatedefenserioz.fr\/index.php\/michael-fitzrobert\/\" \/>\n<meta property=\"og:locale\" content=\"fr_FR\" \/>\n<meta property=\"og:type\" content=\"article\" \/>\n<meta property=\"og:title\" content=\"Michael Fitzrobert - Karat\u00e9 D\u00e9fense Rioz\" \/>\n<meta property=\"og:description\" content=\"Pratiquants de divers horizons, Michael est un combattant aguerri attestant de 27 ann\u00e9es de pratique des arts martiaux et de plusieurs exp\u00e9riences en combats r\u00e9els. Principalement\u00a0dans des disciplines telles que le Karate\u00a0Wado Ryu\u00a0(1er\u00a0Dan FFKDA),\u00a0le Karate Goju\u00a0Ryu\u00a0(1er\u00a0Dan FFKDA), le Tai Chi Chuan de style Sun (disciple pendant un temps de Ma\u00eetre\u00a0Sun Gen Fa), la Self D\u00e9fense,Lire la suite\" \/>\n<meta property=\"og:url\" content=\"https:\/\/karatedefenserioz.fr\/index.php\/michael-fitzrobert\/\" \/>\n<meta property=\"og:site_name\" content=\"Karat\u00e9 D\u00e9fense Rioz\" \/>\n<meta property=\"article:modified_time\" content=\"2021-01-06T17:51:47+00:00\" \/>\n<meta property=\"og:image\" content=\"http:\/\/selfdefenserioz.com\/wp-content\/uploads\/2021\/01\/michael.jpeg\" \/>\n<meta name=\"twitter:card\" content=\"summary_large_image\" \/>\n<meta name=\"twitter:label1\" content=\"Dur\u00e9e de lecture estim\u00e9e\" \/>\n\t<meta name=\"twitter:data1\" content=\"1 minute\" \/>\n<script type=\"application\/ld+json\" class=\"yoast-schema-graph\">{\"@context\":\"https:\/\/schema.org\",\"@graph\":[{\"@type\":\"WebPage\",\"@id\":\"https:\/\/karatedefenserioz.fr\/index.php\/michael-fitzrobert\/\",\"url\":\"https:\/\/karatedefenserioz.fr\/index.php\/michael-fitzrobert\/\",\"name\":\"Michael Fitzrobert - Karat\u00e9 D\u00e9fense Rioz\",\"isPartOf\":{\"@id\":\"https:\/\/karatedefenserioz.fr\/#website\"},\"primaryImageOfPage\":{\"@id\":\"https:\/\/karatedefenserioz.fr\/index.php\/michael-fitzrobert\/#primaryimage\"},\"image\":{\"@id\":\"https:\/\/karatedefenserioz.fr\/index.php\/michael-fitzrobert\/#primaryimage\"},\"thumbnailUrl\":\"http:\/\/selfdefenserioz.com\/wp-content\/uploads\/2021\/01\/michael.jpeg\",\"datePublished\":\"2020-06-07T11:28:09+00:00\",\"dateModified\":\"2021-01-06T17:51:47+00:00\",\"breadcrumb\":{\"@id\":\"https:\/\/karatedefenserioz.fr\/index.php\/michael-fitzrobert\/#breadcrumb\"},\"inLanguage\":\"fr-FR\",\"potentialAction\":[{\"@type\":\"ReadAction\",\"target\":[\"https:\/\/karatedefenserioz.fr\/index.php\/michael-fitzrobert\/\"]}]},{\"@type\":\"ImageObject\",\"inLanguage\":\"fr-FR\",\"@id\":\"https:\/\/karatedefenserioz.fr\/index.php\/michael-fitzrobert\/#primaryimage\",\"url\":\"http:\/\/selfdefenserioz.com\/wp-content\/uploads\/2021\/01\/michael.jpeg\",\"contentUrl\":\"http:\/\/selfdefenserioz.com\/wp-content\/uploads\/2021\/01\/michael.jpeg\"},{\"@type\":\"BreadcrumbList\",\"@id\":\"https:\/\/karatedefenserioz.fr\/index.php\/michael-fitzrobert\/#breadcrumb\",\"itemListElement\":[{\"@type\":\"ListItem\",\"position\":1,\"name\":\"Accueil\",\"item\":\"https:\/\/karatedefenserioz.fr\/\"},{\"@type\":\"ListItem\",\"position\":2,\"name\":\"Michael Fitzrobert\"}]},{\"@type\":\"WebSite\",\"@id\":\"https:\/\/karatedefenserioz.fr\/#website\",\"url\":\"https:\/\/karatedefenserioz.fr\/\",\"name\":\"Self Defense Rioz\",\"description\":\"Site de pr\u00e9sentation de l&#039;association self d\u00e9fense Rioz\",\"publisher\":{\"@id\":\"https:\/\/karatedefenserioz.fr\/#organization\"},\"potentialAction\":[{\"@type\":\"SearchAction\",\"target\":{\"@type\":\"EntryPoint\",\"urlTemplate\":\"https:\/\/karatedefenserioz.fr\/?s={search_term_string}\"},\"query-input\":{\"@type\":\"PropertyValueSpecification\",\"valueRequired\":true,\"valueName\":\"search_term_string\"}}],\"inLanguage\":\"fr-FR\"},{\"@type\":\"Organization\",\"@id\":\"https:\/\/karatedefenserioz.fr\/#organization\",\"name\":\"Self Defense Rioz\",\"url\":\"https:\/\/karatedefenserioz.fr\/\",\"logo\":{\"@type\":\"ImageObject\",\"inLanguage\":\"fr-FR\",\"@id\":\"https:\/\/karatedefenserioz.fr\/#\/schema\/logo\/image\/\",\"url\":\"https:\/\/karatedefenserioz.fr\/wp-content\/uploads\/2025\/08\/cropped-arrier-plan-transparent-rectangle.png\",\"contentUrl\":\"https:\/\/karatedefenserioz.fr\/wp-content\/uploads\/2025\/08\/cropped-arrier-plan-transparent-rectangle.png\",\"width\":500,\"height\":203,\"caption\":\"Self Defense Rioz\"},\"image\":{\"@id\":\"https:\/\/karatedefenserioz.fr\/#\/schema\/logo\/image\/\"}}]}<\/script>\n<!-- \/ Yoast SEO plugin. -->","yoast_head_json":{"title":"Michael Fitzrobert - Karat\u00e9 D\u00e9fense Rioz","robots":{"index":"index","follow":"follow","max-snippet":"max-snippet:-1","max-image-preview":"max-image-preview:large","max-video-preview":"max-video-preview:-1"},"canonical":"https:\/\/karatedefenserioz.fr\/index.php\/michael-fitzrobert\/","og_locale":"fr_FR","og_type":"article","og_title":"Michael Fitzrobert - Karat\u00e9 D\u00e9fense Rioz","og_description":"Pratiquants de divers horizons, Michael est un combattant aguerri attestant de 27 ann\u00e9es de pratique des arts martiaux et de plusieurs exp\u00e9riences en combats r\u00e9els. Principalement\u00a0dans des disciplines telles que le Karate\u00a0Wado Ryu\u00a0(1er\u00a0Dan FFKDA),\u00a0le Karate Goju\u00a0Ryu\u00a0(1er\u00a0Dan FFKDA), le Tai Chi Chuan de style Sun (disciple pendant un temps de Ma\u00eetre\u00a0Sun Gen Fa), la Self D\u00e9fense,Lire la suite","og_url":"https:\/\/karatedefenserioz.fr\/index.php\/michael-fitzrobert\/","og_site_name":"Karat\u00e9 D\u00e9fense Rioz","article_modified_time":"2021-01-06T17:51:47+00:00","og_image":[{"url":"http:\/\/selfdefenserioz.com\/wp-content\/uploads\/2021\/01\/michael.jpeg","type":"","width":"","height":""}],"twitter_card":"summary_large_image","twitter_misc":{"Dur\u00e9e de lecture estim\u00e9e":"1 minute"},"schema":{"@context":"https:\/\/schema.org","@graph":[{"@type":"WebPage","@id":"https:\/\/karatedefenserioz.fr\/index.php\/michael-fitzrobert\/","url":"https:\/\/karatedefenserioz.fr\/index.php\/michael-fitzrobert\/","name":"Michael Fitzrobert - Karat\u00e9 D\u00e9fense Rioz","isPartOf":{"@id":"https:\/\/karatedefenserioz.fr\/#website"},"primaryImageOfPage":{"@id":"https:\/\/karatedefenserioz.fr\/index.php\/michael-fitzrobert\/#primaryimage"},"image":{"@id":"https:\/\/karatedefenserioz.fr\/index.php\/michael-fitzrobert\/#primaryimage"},"thumbnailUrl":"http:\/\/selfdefenserioz.com\/wp-content\/uploads\/2021\/01\/michael.jpeg","datePublished":"2020-06-07T11:28:09+00:00","dateModified":"2021-01-06T17:51:47+00:00","breadcrumb":{"@id":"https:\/\/karatedefenserioz.fr\/index.php\/michael-fitzrobert\/#breadcrumb"},"inLanguage":"fr-FR","potentialAction":[{"@type":"ReadAction","target":["https:\/\/karatedefenserioz.fr\/index.php\/michael-fitzrobert\/"]}]},{"@type":"ImageObject","inLanguage":"fr-FR","@id":"https:\/\/karatedefenserioz.fr\/index.php\/michael-fitzrobert\/#primaryimage","url":"http:\/\/selfdefenserioz.com\/wp-content\/uploads\/2021\/01\/michael.jpeg","contentUrl":"http:\/\/selfdefenserioz.com\/wp-content\/uploads\/2021\/01\/michael.jpeg"},{"@type":"BreadcrumbList","@id":"https:\/\/karatedefenserioz.fr\/index.php\/michael-fitzrobert\/#breadcrumb","itemListElement":[{"@type":"ListItem","position":1,"name":"Accueil","item":"https:\/\/karatedefenserioz.fr\/"},{"@type":"ListItem","position":2,"name":"Michael Fitzrobert"}]},{"@type":"WebSite","@id":"https:\/\/karatedefenserioz.fr\/#website","url":"https:\/\/karatedefenserioz.fr\/","name":"Self Defense Rioz","description":"Site de pr\u00e9sentation de l&#039;association self d\u00e9fense Rioz","publisher":{"@id":"https:\/\/karatedefenserioz.fr\/#organization"},"potentialAction":[{"@type":"SearchAction","target":{"@type":"EntryPoint","urlTemplate":"https:\/\/karatedefenserioz.fr\/?s={search_term_string}"},"query-input":{"@type":"PropertyValueSpecification","valueRequired":true,"valueName":"search_term_string"}}],"inLanguage":"fr-FR"},{"@type":"Organization","@id":"https:\/\/karatedefenserioz.fr\/#organization","name":"Self Defense Rioz","url":"https:\/\/karatedefenserioz.fr\/","logo":{"@type":"ImageObject","inLanguage":"fr-FR","@id":"https:\/\/karatedefenserioz.fr\/#\/schema\/logo\/image\/","url":"https:\/\/karatedefenserioz.fr\/wp-content\/uploads\/2025\/08\/cropped-arrier-plan-transparent-rectangle.png","contentUrl":"https:\/\/karatedefenserioz.fr\/wp-content\/uploads\/2025\/08\/cropped-arrier-plan-transparent-rectangle.png","width":500,"height":203,"caption":"Self Defense Rioz"},"image":{"@id":"https:\/\/karatedefenserioz.fr\/#\/schema\/logo\/image\/"}}]}},"_links":{"self":[{"href":"https:\/\/karatedefenserioz.fr\/index.php\/wp-json\/wp\/v2\/pages\/150","targetHints":{"allow":["GET"]}}],"collection":[{"href":"https:\/\/karatedefenserioz.fr\/index.php\/wp-json\/wp\/v2\/pages"}],"about":[{"href":"https:\/\/karatedefenserioz.fr\/index.php\/wp-json\/wp\/v2\/types\/page"}],"author":[{"embeddable":true,"href":"https:\/\/karatedefenserioz.fr\/index.php\/wp-json\/wp\/v2\/users\/1"}],"replies":[{"embeddable":true,"href":"https:\/\/karatedefenserioz.fr\/index.php\/wp-json\/wp\/v2\/comments?post=150"}],"version-history":[{"count":13,"href":"https:\/\/karatedefenserioz.fr\/index.php\/wp-json\/wp\/v2\/pages\/150\/revisions"}],"predecessor-version":[{"id":838,"href":"https:\/\/karatedefenserioz.fr\/index.php\/wp-json\/wp\/v2\/pages\/150\/revisions\/838"}],"wp:attachment":[{"href":"https:\/\/karatedefenserioz.fr\/index.php\/wp-json\/wp\/v2\/media?parent=150"}],"curies":[{"name":"wp","href":"https:\/\/api.w.org\/{rel}","templated":true}]}}