{"id":1816,"date":"2025-03-11T18:11:22","date_gmt":"2025-03-11T17:11:22","guid":{"rendered":"https:\/\/selfdefenserioz.com\/?page_id=1816"},"modified":"2025-03-11T18:11:23","modified_gmt":"2025-03-11T17:11:23","slug":"virginie-tadieu","status":"publish","type":"page","link":"https:\/\/karatedefenserioz.fr\/index.php\/virginie-tadieu\/","title":{"rendered":"Virginie Tadieu"},"content":{"rendered":"\n<div class=\"wp-block-media-text is-stacked-on-mobile\" style=\"grid-template-columns:35% auto\"><figure class=\"wp-block-media-text__media\"><img fetchpriority=\"high\" decoding=\"async\" width=\"485\" height=\"1024\" src=\"https:\/\/selfdefenserioz.com\/wp-content\/uploads\/2025\/03\/20230623_193952-485x1024.jpg\" alt=\"\" class=\"wp-image-1817 size-full\" srcset=\"https:\/\/karatedefenserioz.fr\/wp-content\/uploads\/2025\/03\/20230623_193952-485x1024.jpg 485w, https:\/\/karatedefenserioz.fr\/wp-content\/uploads\/2025\/03\/20230623_193952-142x300.jpg 142w, https:\/\/karatedefenserioz.fr\/wp-content\/uploads\/2025\/03\/20230623_193952-71x150.jpg 71w, https:\/\/karatedefenserioz.fr\/wp-content\/uploads\/2025\/03\/20230623_193952-768x1623.jpg 768w, https:\/\/karatedefenserioz.fr\/wp-content\/uploads\/2025\/03\/20230623_193952-727x1536.jpg 727w, https:\/\/karatedefenserioz.fr\/wp-content\/uploads\/2025\/03\/20230623_193952-969x2048.jpg 969w, https:\/\/karatedefenserioz.fr\/wp-content\/uploads\/2025\/03\/20230623_193952-55x116.jpg 55w, https:\/\/karatedefenserioz.fr\/wp-content\/uploads\/2025\/03\/20230623_193952-scaled.jpg 1211w\" sizes=\"(max-width: 485px) 100vw, 485px\" \/><\/figure><div class=\"wp-block-media-text__content\">\n<p>Virginie d\u00e9bute les arts martiaux par la Self d\u00e9fense jusqu&rsquo;\u00e0 l&rsquo;obtention de sa ceinture marron en 2022. Elle d\u00e9cide ensuite de se mettre au Karat\u00e9 Goju Ryu. Elle d\u00e9croche sa ceinture noire en deux ans seulement. <\/p>\n\n\n\n<p>En parall\u00e8le des cours qu&rsquo;elle prend elle assiste les cours de self d\u00e9fense jusqu&rsquo;\u00e0 en partager l&rsquo;enseignement avec Fred. <\/p>\n<\/div><\/div>\n","protected":false},"excerpt":{"rendered":"<p>Virginie d\u00e9bute les arts martiaux par la Self d\u00e9fense jusqu&rsquo;\u00e0 l&rsquo;obtention de sa ceinture marron en 2022. Elle d\u00e9cide ensuite de se mettre au Karat\u00e9 Goju Ryu. Elle d\u00e9croche sa ceinture noire en deux ans seulement. En parall\u00e8le des cours qu&rsquo;elle prend elle assiste les cours de self d\u00e9fense jusqu&rsquo;\u00e0 en partager l&rsquo;enseignement avec Fred.<\/p>\n","protected":false},"author":4,"featured_media":0,"parent":0,"menu_order":0,"comment_status":"closed","ping_status":"closed","template":"page-templates\/full-width.php","meta":{"_monsterinsights_skip_tracking":false,"_monsterinsights_sitenote_active":false,"_monsterinsights_sitenote_note":"","_monsterinsights_sitenote_category":0,"footnotes":""},"class_list":["post-1816","page","type-page","status-publish","hentry"],"yoast_head":"<!-- This site is optimized with the Yoast SEO plugin v25.1 - https:\/\/yoast.com\/wordpress\/plugins\/seo\/ -->\n<title>Virginie Tadieu - Karat\u00e9 D\u00e9fense Rioz<\/title>\n<meta name=\"robots\" content=\"index, follow, max-snippet:-1, max-image-preview:large, max-video-preview:-1\" \/>\n<link rel=\"canonical\" href=\"https:\/\/karatedefenserioz.fr\/index.php\/virginie-tadieu\/\" \/>\n<meta property=\"og:locale\" content=\"fr_FR\" \/>\n<meta property=\"og:type\" content=\"article\" \/>\n<meta property=\"og:title\" content=\"Virginie Tadieu - Karat\u00e9 D\u00e9fense Rioz\" \/>\n<meta property=\"og:description\" content=\"Virginie d\u00e9bute les arts martiaux par la Self d\u00e9fense jusqu&rsquo;\u00e0 l&rsquo;obtention de sa ceinture marron en 2022. Elle d\u00e9cide ensuite de se mettre au Karat\u00e9 Goju Ryu. Elle d\u00e9croche sa ceinture noire en deux ans seulement. En parall\u00e8le des cours qu&rsquo;elle prend elle assiste les cours de self d\u00e9fense jusqu&rsquo;\u00e0 en partager l&rsquo;enseignement avec Fred.\" \/>\n<meta property=\"og:url\" content=\"https:\/\/karatedefenserioz.fr\/index.php\/virginie-tadieu\/\" \/>\n<meta property=\"og:site_name\" content=\"Karat\u00e9 D\u00e9fense Rioz\" \/>\n<meta property=\"article:modified_time\" content=\"2025-03-11T17:11:23+00:00\" \/>\n<meta property=\"og:image\" content=\"https:\/\/selfdefenserioz.com\/wp-content\/uploads\/2025\/03\/20230623_193952-485x1024.jpg\" \/>\n<meta name=\"twitter:card\" content=\"summary_large_image\" \/>\n<meta name=\"twitter:label1\" content=\"Dur\u00e9e de lecture estim\u00e9e\" \/>\n\t<meta name=\"twitter:data1\" content=\"1 minute\" \/>\n<script type=\"application\/ld+json\" class=\"yoast-schema-graph\">{\"@context\":\"https:\/\/schema.org\",\"@graph\":[{\"@type\":\"WebPage\",\"@id\":\"https:\/\/karatedefenserioz.fr\/index.php\/virginie-tadieu\/\",\"url\":\"https:\/\/karatedefenserioz.fr\/index.php\/virginie-tadieu\/\",\"name\":\"Virginie Tadieu - Karat\u00e9 D\u00e9fense Rioz\",\"isPartOf\":{\"@id\":\"https:\/\/karatedefenserioz.fr\/#website\"},\"primaryImageOfPage\":{\"@id\":\"https:\/\/karatedefenserioz.fr\/index.php\/virginie-tadieu\/#primaryimage\"},\"image\":{\"@id\":\"https:\/\/karatedefenserioz.fr\/index.php\/virginie-tadieu\/#primaryimage\"},\"thumbnailUrl\":\"https:\/\/selfdefenserioz.com\/wp-content\/uploads\/2025\/03\/20230623_193952-485x1024.jpg\",\"datePublished\":\"2025-03-11T17:11:22+00:00\",\"dateModified\":\"2025-03-11T17:11:23+00:00\",\"breadcrumb\":{\"@id\":\"https:\/\/karatedefenserioz.fr\/index.php\/virginie-tadieu\/#breadcrumb\"},\"inLanguage\":\"fr-FR\",\"potentialAction\":[{\"@type\":\"ReadAction\",\"target\":[\"https:\/\/karatedefenserioz.fr\/index.php\/virginie-tadieu\/\"]}]},{\"@type\":\"ImageObject\",\"inLanguage\":\"fr-FR\",\"@id\":\"https:\/\/karatedefenserioz.fr\/index.php\/virginie-tadieu\/#primaryimage\",\"url\":\"https:\/\/selfdefenserioz.com\/wp-content\/uploads\/2025\/03\/20230623_193952-485x1024.jpg\",\"contentUrl\":\"https:\/\/selfdefenserioz.com\/wp-content\/uploads\/2025\/03\/20230623_193952-485x1024.jpg\"},{\"@type\":\"BreadcrumbList\",\"@id\":\"https:\/\/karatedefenserioz.fr\/index.php\/virginie-tadieu\/#breadcrumb\",\"itemListElement\":[{\"@type\":\"ListItem\",\"position\":1,\"name\":\"Accueil\",\"item\":\"https:\/\/karatedefenserioz.fr\/\"},{\"@type\":\"ListItem\",\"position\":2,\"name\":\"Virginie Tadieu\"}]},{\"@type\":\"WebSite\",\"@id\":\"https:\/\/karatedefenserioz.fr\/#website\",\"url\":\"https:\/\/karatedefenserioz.fr\/\",\"name\":\"Self Defense Rioz\",\"description\":\"Site de pr\u00e9sentation de l&#039;association self d\u00e9fense Rioz\",\"publisher\":{\"@id\":\"https:\/\/karatedefenserioz.fr\/#organization\"},\"potentialAction\":[{\"@type\":\"SearchAction\",\"target\":{\"@type\":\"EntryPoint\",\"urlTemplate\":\"https:\/\/karatedefenserioz.fr\/?s={search_term_string}\"},\"query-input\":{\"@type\":\"PropertyValueSpecification\",\"valueRequired\":true,\"valueName\":\"search_term_string\"}}],\"inLanguage\":\"fr-FR\"},{\"@type\":\"Organization\",\"@id\":\"https:\/\/karatedefenserioz.fr\/#organization\",\"name\":\"Self Defense Rioz\",\"url\":\"https:\/\/karatedefenserioz.fr\/\",\"logo\":{\"@type\":\"ImageObject\",\"inLanguage\":\"fr-FR\",\"@id\":\"https:\/\/karatedefenserioz.fr\/#\/schema\/logo\/image\/\",\"url\":\"https:\/\/karatedefenserioz.fr\/wp-content\/uploads\/2025\/08\/cropped-arrier-plan-transparent-rectangle.png\",\"contentUrl\":\"https:\/\/karatedefenserioz.fr\/wp-content\/uploads\/2025\/08\/cropped-arrier-plan-transparent-rectangle.png\",\"width\":500,\"height\":203,\"caption\":\"Self Defense Rioz\"},\"image\":{\"@id\":\"https:\/\/karatedefenserioz.fr\/#\/schema\/logo\/image\/\"}}]}<\/script>\n<!-- \/ Yoast SEO plugin. -->","yoast_head_json":{"title":"Virginie Tadieu - Karat\u00e9 D\u00e9fense Rioz","robots":{"index":"index","follow":"follow","max-snippet":"max-snippet:-1","max-image-preview":"max-image-preview:large","max-video-preview":"max-video-preview:-1"},"canonical":"https:\/\/karatedefenserioz.fr\/index.php\/virginie-tadieu\/","og_locale":"fr_FR","og_type":"article","og_title":"Virginie Tadieu - Karat\u00e9 D\u00e9fense Rioz","og_description":"Virginie d\u00e9bute les arts martiaux par la Self d\u00e9fense jusqu&rsquo;\u00e0 l&rsquo;obtention de sa ceinture marron en 2022. Elle d\u00e9cide ensuite de se mettre au Karat\u00e9 Goju Ryu. Elle d\u00e9croche sa ceinture noire en deux ans seulement. En parall\u00e8le des cours qu&rsquo;elle prend elle assiste les cours de self d\u00e9fense jusqu&rsquo;\u00e0 en partager l&rsquo;enseignement avec Fred.","og_url":"https:\/\/karatedefenserioz.fr\/index.php\/virginie-tadieu\/","og_site_name":"Karat\u00e9 D\u00e9fense Rioz","article_modified_time":"2025-03-11T17:11:23+00:00","og_image":[{"url":"https:\/\/selfdefenserioz.com\/wp-content\/uploads\/2025\/03\/20230623_193952-485x1024.jpg","type":"","width":"","height":""}],"twitter_card":"summary_large_image","twitter_misc":{"Dur\u00e9e de lecture estim\u00e9e":"1 minute"},"schema":{"@context":"https:\/\/schema.org","@graph":[{"@type":"WebPage","@id":"https:\/\/karatedefenserioz.fr\/index.php\/virginie-tadieu\/","url":"https:\/\/karatedefenserioz.fr\/index.php\/virginie-tadieu\/","name":"Virginie Tadieu - Karat\u00e9 D\u00e9fense Rioz","isPartOf":{"@id":"https:\/\/karatedefenserioz.fr\/#website"},"primaryImageOfPage":{"@id":"https:\/\/karatedefenserioz.fr\/index.php\/virginie-tadieu\/#primaryimage"},"image":{"@id":"https:\/\/karatedefenserioz.fr\/index.php\/virginie-tadieu\/#primaryimage"},"thumbnailUrl":"https:\/\/selfdefenserioz.com\/wp-content\/uploads\/2025\/03\/20230623_193952-485x1024.jpg","datePublished":"2025-03-11T17:11:22+00:00","dateModified":"2025-03-11T17:11:23+00:00","breadcrumb":{"@id":"https:\/\/karatedefenserioz.fr\/index.php\/virginie-tadieu\/#breadcrumb"},"inLanguage":"fr-FR","potentialAction":[{"@type":"ReadAction","target":["https:\/\/karatedefenserioz.fr\/index.php\/virginie-tadieu\/"]}]},{"@type":"ImageObject","inLanguage":"fr-FR","@id":"https:\/\/karatedefenserioz.fr\/index.php\/virginie-tadieu\/#primaryimage","url":"https:\/\/selfdefenserioz.com\/wp-content\/uploads\/2025\/03\/20230623_193952-485x1024.jpg","contentUrl":"https:\/\/selfdefenserioz.com\/wp-content\/uploads\/2025\/03\/20230623_193952-485x1024.jpg"},{"@type":"BreadcrumbList","@id":"https:\/\/karatedefenserioz.fr\/index.php\/virginie-tadieu\/#breadcrumb","itemListElement":[{"@type":"ListItem","position":1,"name":"Accueil","item":"https:\/\/karatedefenserioz.fr\/"},{"@type":"ListItem","position":2,"name":"Virginie Tadieu"}]},{"@type":"WebSite","@id":"https:\/\/karatedefenserioz.fr\/#website","url":"https:\/\/karatedefenserioz.fr\/","name":"Self Defense Rioz","description":"Site de pr\u00e9sentation de l&#039;association self d\u00e9fense Rioz","publisher":{"@id":"https:\/\/karatedefenserioz.fr\/#organization"},"potentialAction":[{"@type":"SearchAction","target":{"@type":"EntryPoint","urlTemplate":"https:\/\/karatedefenserioz.fr\/?s={search_term_string}"},"query-input":{"@type":"PropertyValueSpecification","valueRequired":true,"valueName":"search_term_string"}}],"inLanguage":"fr-FR"},{"@type":"Organization","@id":"https:\/\/karatedefenserioz.fr\/#organization","name":"Self Defense Rioz","url":"https:\/\/karatedefenserioz.fr\/","logo":{"@type":"ImageObject","inLanguage":"fr-FR","@id":"https:\/\/karatedefenserioz.fr\/#\/schema\/logo\/image\/","url":"https:\/\/karatedefenserioz.fr\/wp-content\/uploads\/2025\/08\/cropped-arrier-plan-transparent-rectangle.png","contentUrl":"https:\/\/karatedefenserioz.fr\/wp-content\/uploads\/2025\/08\/cropped-arrier-plan-transparent-rectangle.png","width":500,"height":203,"caption":"Self Defense Rioz"},"image":{"@id":"https:\/\/karatedefenserioz.fr\/#\/schema\/logo\/image\/"}}]}},"_links":{"self":[{"href":"https:\/\/karatedefenserioz.fr\/index.php\/wp-json\/wp\/v2\/pages\/1816","targetHints":{"allow":["GET"]}}],"collection":[{"href":"https:\/\/karatedefenserioz.fr\/index.php\/wp-json\/wp\/v2\/pages"}],"about":[{"href":"https:\/\/karatedefenserioz.fr\/index.php\/wp-json\/wp\/v2\/types\/page"}],"author":[{"embeddable":true,"href":"https:\/\/karatedefenserioz.fr\/index.php\/wp-json\/wp\/v2\/users\/4"}],"replies":[{"embeddable":true,"href":"https:\/\/karatedefenserioz.fr\/index.php\/wp-json\/wp\/v2\/comments?post=1816"}],"version-history":[{"count":1,"href":"https:\/\/karatedefenserioz.fr\/index.php\/wp-json\/wp\/v2\/pages\/1816\/revisions"}],"predecessor-version":[{"id":1818,"href":"https:\/\/karatedefenserioz.fr\/index.php\/wp-json\/wp\/v2\/pages\/1816\/revisions\/1818"}],"wp:attachment":[{"href":"https:\/\/karatedefenserioz.fr\/index.php\/wp-json\/wp\/v2\/media?parent=1816"}],"curies":[{"name":"wp","href":"https:\/\/api.w.org\/{rel}","templated":true}]}}