{"id":72,"date":"2020-06-06T17:57:40","date_gmt":"2020-06-06T15:57:40","guid":{"rendered":"http:\/\/selfdefenserioz.com\/?page_id=72"},"modified":"2021-10-06T22:52:49","modified_gmt":"2021-10-06T20:52:49","slug":"karate-goju-ryu","status":"publish","type":"page","link":"https:\/\/karatedefenserioz.fr\/index.php\/karate-goju-ryu\/","title":{"rendered":"Karat\u00e9 Goju Ryu"},"content":{"rendered":"\n<h2 class=\"wp-block-heading\">L&rsquo;histoire du karat\u00e9 GOJU-RYU<\/h2>\n\n\n\n<p>Les \u00e9changes culturels entre la Chine et l&rsquo;archipel des Ry\u00fb Ky\u00fb remontent \u00e0 1372, ann\u00e9e o\u00f9 le roi d&rsquo;Okinawa pr\u00eata all\u00e9geance \u00e0 l&#8217;empereur MING. Trente six familles chinoises, issues de la noblesse, s&rsquo;install\u00e8rent alors \u00e0 Okinawa, \u00e0 Kume pr\u00e8s de Naha. Elles apport\u00e8rent avec elles l&rsquo;art du combat chinois, certains des membres de ces familles \u00e9tant de v\u00e9ritables Ma\u00eetres.<\/p>\n\n\n\n<p>En 1609, les Japonais envahissent l&rsquo;\u00eele. Ces derniers instaurent une domination militaire sur l&rsquo;ensemble de l&rsquo;archipel. Ils interdisent les armes, pour \u00e9viter toute r\u00e9bellion. C&rsquo;est \u00e0 partir de ce moment que les techniques de combat \u00e0 mains nues (To De) se transmettent secr\u00e8tement, de Ma\u00eetres \u00e0 disciples. Les entra\u00eenements se d\u00e9roulaient en cachette, le plus souvent la nuit, et \u00e9taient bas\u00e9s sur l&rsquo;efficacit\u00e9. Ce sont donc les habitants d&rsquo;Okinawa qui ont donn\u00e9s naissance \u00e0 cette m\u00e9thode de combat \u00e0 mains nues, appel\u00e9e par la suite Karat\u00e9.<\/p>\n\n\n\n<p>En effet, \u00e0 l&rsquo;\u00e9poque l&rsquo;art martial local s&rsquo;appelait \u201c TE \u201d ou \u201c TO-DE \u201d. C\u2019est sous cette m\u00eame appellation qu\u2019il fut introduit au Japon, dans les ann\u00e9es 20. \u201c To De \u201d, qui voulait dire \u201c Technique de main Chinoise \u201d pouvait se prononcer \u00e0 partir d\u2019une lecture japonaise, \u201c Kara-te \u201d autrement dit \u201c Main de Chine \u201d. Une autre lecture du mot \u201c Kara-te \u201d donnait \u201c Main vide \u201d. Ce fut Gichin FUNAKOSHI, le p\u00e8re du Shotokan moderne qui, en 1930, adopta cette derni\u00e8re, afin d&rsquo;\u00e9viter que le karat\u00e9 ne porte, dans son nom, une origine chinoise trop \u00e9vidente. Sa d\u00e9cision, dit-on, souleva, si ce n&rsquo;est un toll\u00e9, du moins une r\u00e9action tr\u00e8s vive parmi les Ma\u00eetres vivant \u00e0 Okinawa. Si Gichin FUNAKOSHI dut se plier \u00e0 l&rsquo;air du temps qui \u00e9tait celui du nationalisme japonais, il se coupa d&rsquo;avec tout un pan de l&rsquo;histoire du karat\u00e9 &#8211; ou plut\u00f4t de l&rsquo;Okinawa-te, dont les racines sont incontestablement chinoises.<\/p>\n\n\n\n<p>L&rsquo;art de combat \u00e0 mains nues se d\u00e9veloppa surtout autour de 3 villes : Naha &#8211; Shuri \u2013Tomari et donna naissance \u00e0 3 styles majeurs.<\/p>\n\n\n\n<p>\u2022 Le Naha-Te<br>\u2022 Le Shuri-Te<br>\u2022 Le Tomari-Te<\/p>\n\n\n\n<p>Le Naha-Te \u00e9tait d\u00e9velopp\u00e9 autour de la principale ville portuaire, Naha, qui \u00e9tait un grand centre de commerce.<\/p>\n\n\n\n<p>Le Shuri-Te est un style qui \u00e9tait d\u00e9velopp\u00e9 essentiellement dans la ville de Shuri, l&rsquo;ancienne capitale d&rsquo;Okinawa. C&rsquo;est l\u00e0 o\u00f9 vivaient le roi et les membres de la noblesse. Le Shuri-Te est connu maintenant \u00e0 Okinawa sous le nom de Shorin Ryu (style de la jeune for\u00eat), il donna aussi naissance au Shotokan et au Wado Ryu au Japon.<\/p>\n\n\n\n<p>Un autre style connu sous le nom de Tomari-Te est consid\u00e9r\u00e9 comme une ramification du Shuri-Te. Le Tomari-Te \u00e9tait pratiqu\u00e9 dans le village de Tomari. Celui-ci, proche de Shuri, \u00e9tait peupl\u00e9 surtout d&rsquo;agriculteurs et de p\u00eacheurs.<\/p>\n\n\n\n<p>Cependant, dans les courants dominant du d\u00e9veloppement historique du Karat\u00e9, il n&rsquo;y a r\u00e9ellement que deux grands styles d&rsquo;origine : le Shuri-Te et le Naha-Te. Comme les deux styles sont d\u00e9riv\u00e9s des m\u00eames traditions martiales chinoises, leurs diff\u00e9rences sont seulement d&rsquo;ordre technique.<\/p>\n\n\n\n<p>Ces deux styles sont arriv\u00e9s jusqu&rsquo;\u00e0 nous gr\u00e2ce \u00e0 des Ma\u00eetres qui ont perp\u00e9tu\u00e9s l&rsquo;enseignement traditionnel qu&rsquo;ils avaient re\u00e7us eux m\u00eames de leurs Ma\u00eetres.<\/p>\n\n\n\n<p>Le Naha-Te fut perp\u00e9tu\u00e9 par Ma\u00eetre Kanryo HIGAONNA, qui pour parfaire ses connaissances de l&rsquo;art du combat appris sur l&rsquo;\u00eele, partit en Chine, dans la r\u00e9gion de Fuzhou situ\u00e9e dans la province du Fukien, afin d&rsquo;y \u00e9tudier le style de combat de la Chine du sud (en particulier le style de la grue blanche). De retour, il adapta ce qu&rsquo;il avait appris \u00e0 la mentalit\u00e9 des hommes d&rsquo;Okinawa.<\/p>\n\n\n\n<p>Plus tard c&rsquo;est son successeur, <strong>Ma\u00eetre Chojun MIYAGI<\/strong>, qui lui donna le nom de Goju-ryu.<\/p>\n\n\n\n<h2 class=\"wp-block-heading\">Les particularit\u00e9s du karat\u00e9 GOJU-RYU<\/h2>\n\n\n\n<p>LE GOJU-RYU est rest\u00e9 \u00e0 Okinawa un <strong>karat\u00e9 traditionnel<\/strong> utilisant des techniques de saisies, des projections, des cl\u00e9s, des coups de coude et de genou, des attaques aux points vitaux : yeux, parties g\u00e9nitales\u2026. Les blocages comportent beaucoup de techniques mains ouvertes avec ou non des saisie. <strong>Tout ces blocages sont circulaires et sans choc<\/strong>. L&rsquo;attaque est d\u00e9vi\u00e9e et contr\u00f4l\u00e9e pour emp\u00eacher l&rsquo;adversaire d&rsquo;encha\u00eener. Certains blocages sont bas\u00e9s sur la souplesse, le rel\u00e2chement du bras. Le principe du blocage n&rsquo;est pas la contraction mais une certaine <strong>\u00e9lasticit\u00e9 ou lourdeur du bras<\/strong> qu&rsquo;on nomme \u201c Muchimi \u201d. Les coups de pieds peuvent \u00eatre employ\u00e9s au visage \u00e0 l&rsquo;entra\u00eenement, mais en combat et dans les katas, ils sont courts et toujours en dessous de la ceinture. Le Goju-ryu comporte un travail de renforcement du corps bas\u00e9 sur un travail aux instruments de musculation sp\u00e9cifique, et sur un travail \u00e0 deux.<\/p>\n\n\n\n<h2 class=\"wp-block-heading\">Affiliation<\/h2>\n\n\n\n<p>Notre section karat\u00e9 est affili\u00e9e \u00e0 l\u2019<strong>OGSE de Sensei OSHIRO 9<sup>i\u00e8me<\/sup> DAN<\/strong>.<\/p>\n\n\n\n<p>Toutes ces informations proviennent du site <a href=\"http:\/\/www.ogse.eu\/\">http:\/\/www.ogse.eu\/<\/a>. N&rsquo;h\u00e9sitez pas \u00e0 y faire un tour si vous \u00eates curieux.<\/p>\n\n\n\n<h2 class=\"wp-block-heading\">Le Goju Ryu en vid\u00e9o<\/h2>\n\n\n\n<figure class=\"wp-block-embed is-type-video is-provider-youtube wp-block-embed-youtube wp-embed-aspect-16-9 wp-has-aspect-ratio\"><div class=\"wp-block-embed__wrapper\">\n<iframe title=\"#90 - Travail de Kake en Gojuryu - Par Didier Guillin\" width=\"1140\" height=\"641\" src=\"https:\/\/www.youtube.com\/embed\/MdmKfuFe0yU?feature=oembed\" frameborder=\"0\" allow=\"accelerometer; autoplay; clipboard-write; encrypted-media; gyroscope; picture-in-picture; web-share\" allowfullscreen><\/iframe>\n<\/div><figcaption>Didier Guillin C.N. 5\u00e8me Dan &#8211; Travail Kake en Goju Ryu<\/figcaption><\/figure>\n","protected":false},"excerpt":{"rendered":"<p>L&rsquo;histoire du karat\u00e9 GOJU-RYU Les \u00e9changes culturels entre la Chine et l&rsquo;archipel des Ry\u00fb Ky\u00fb remontent \u00e0 1372, ann\u00e9e o\u00f9 le roi d&rsquo;Okinawa pr\u00eata all\u00e9geance \u00e0 l&#8217;empereur MING. Trente six familles chinoises, issues de la noblesse, s&rsquo;install\u00e8rent alors \u00e0 Okinawa, \u00e0 Kume pr\u00e8s de Naha. Elles apport\u00e8rent avec elles l&rsquo;art du combat chinois, certains des<\/p>\n<div><a class=\"btn-filled btn\" href=\"https:\/\/karatedefenserioz.fr\/index.php\/karate-goju-ryu\/\" title=\"Karat\u00e9 Goju Ryu\">Lire la suite<\/a><\/div>\n","protected":false},"author":1,"featured_media":0,"parent":0,"menu_order":0,"comment_status":"closed","ping_status":"closed","template":"page-templates\/full-width.php","meta":{"_monsterinsights_skip_tracking":false,"_monsterinsights_sitenote_active":false,"_monsterinsights_sitenote_note":"","_monsterinsights_sitenote_category":0,"footnotes":""},"class_list":["post-72","page","type-page","status-publish","hentry"],"yoast_head":"<!-- This site is optimized with the Yoast SEO plugin v25.1 - https:\/\/yoast.com\/wordpress\/plugins\/seo\/ -->\n<title>Karat\u00e9 Goju Ryu - Karat\u00e9 D\u00e9fense Rioz<\/title>\n<meta name=\"robots\" content=\"index, follow, max-snippet:-1, max-image-preview:large, max-video-preview:-1\" \/>\n<link rel=\"canonical\" href=\"https:\/\/karatedefenserioz.fr\/index.php\/karate-goju-ryu\/\" \/>\n<meta property=\"og:locale\" content=\"fr_FR\" \/>\n<meta property=\"og:type\" content=\"article\" \/>\n<meta property=\"og:title\" content=\"Karat\u00e9 Goju Ryu - Karat\u00e9 D\u00e9fense Rioz\" \/>\n<meta property=\"og:description\" content=\"L&rsquo;histoire du karat\u00e9 GOJU-RYU Les \u00e9changes culturels entre la Chine et l&rsquo;archipel des Ry\u00fb Ky\u00fb remontent \u00e0 1372, ann\u00e9e o\u00f9 le roi d&rsquo;Okinawa pr\u00eata all\u00e9geance \u00e0 l&#8217;empereur MING. Trente six familles chinoises, issues de la noblesse, s&rsquo;install\u00e8rent alors \u00e0 Okinawa, \u00e0 Kume pr\u00e8s de Naha. Elles apport\u00e8rent avec elles l&rsquo;art du combat chinois, certains desLire la suite\" \/>\n<meta property=\"og:url\" content=\"https:\/\/karatedefenserioz.fr\/index.php\/karate-goju-ryu\/\" \/>\n<meta property=\"og:site_name\" content=\"Karat\u00e9 D\u00e9fense Rioz\" \/>\n<meta property=\"article:modified_time\" content=\"2021-10-06T20:52:49+00:00\" \/>\n<meta name=\"twitter:card\" content=\"summary_large_image\" \/>\n<meta name=\"twitter:label1\" content=\"Dur\u00e9e de lecture estim\u00e9e\" \/>\n\t<meta name=\"twitter:data1\" content=\"4 minutes\" \/>\n<script type=\"application\/ld+json\" class=\"yoast-schema-graph\">{\"@context\":\"https:\/\/schema.org\",\"@graph\":[{\"@type\":\"WebPage\",\"@id\":\"https:\/\/karatedefenserioz.fr\/index.php\/karate-goju-ryu\/\",\"url\":\"https:\/\/karatedefenserioz.fr\/index.php\/karate-goju-ryu\/\",\"name\":\"Karat\u00e9 Goju Ryu - Karat\u00e9 D\u00e9fense Rioz\",\"isPartOf\":{\"@id\":\"https:\/\/karatedefenserioz.fr\/#website\"},\"datePublished\":\"2020-06-06T15:57:40+00:00\",\"dateModified\":\"2021-10-06T20:52:49+00:00\",\"breadcrumb\":{\"@id\":\"https:\/\/karatedefenserioz.fr\/index.php\/karate-goju-ryu\/#breadcrumb\"},\"inLanguage\":\"fr-FR\",\"potentialAction\":[{\"@type\":\"ReadAction\",\"target\":[\"https:\/\/karatedefenserioz.fr\/index.php\/karate-goju-ryu\/\"]}]},{\"@type\":\"BreadcrumbList\",\"@id\":\"https:\/\/karatedefenserioz.fr\/index.php\/karate-goju-ryu\/#breadcrumb\",\"itemListElement\":[{\"@type\":\"ListItem\",\"position\":1,\"name\":\"Accueil\",\"item\":\"https:\/\/karatedefenserioz.fr\/\"},{\"@type\":\"ListItem\",\"position\":2,\"name\":\"Karat\u00e9 Goju Ryu\"}]},{\"@type\":\"WebSite\",\"@id\":\"https:\/\/karatedefenserioz.fr\/#website\",\"url\":\"https:\/\/karatedefenserioz.fr\/\",\"name\":\"Self Defense Rioz\",\"description\":\"Site de pr\u00e9sentation de l&#039;association self d\u00e9fense Rioz\",\"publisher\":{\"@id\":\"https:\/\/karatedefenserioz.fr\/#organization\"},\"potentialAction\":[{\"@type\":\"SearchAction\",\"target\":{\"@type\":\"EntryPoint\",\"urlTemplate\":\"https:\/\/karatedefenserioz.fr\/?s={search_term_string}\"},\"query-input\":{\"@type\":\"PropertyValueSpecification\",\"valueRequired\":true,\"valueName\":\"search_term_string\"}}],\"inLanguage\":\"fr-FR\"},{\"@type\":\"Organization\",\"@id\":\"https:\/\/karatedefenserioz.fr\/#organization\",\"name\":\"Self Defense Rioz\",\"url\":\"https:\/\/karatedefenserioz.fr\/\",\"logo\":{\"@type\":\"ImageObject\",\"inLanguage\":\"fr-FR\",\"@id\":\"https:\/\/karatedefenserioz.fr\/#\/schema\/logo\/image\/\",\"url\":\"https:\/\/karatedefenserioz.fr\/wp-content\/uploads\/2025\/08\/cropped-arrier-plan-transparent-rectangle.png\",\"contentUrl\":\"https:\/\/karatedefenserioz.fr\/wp-content\/uploads\/2025\/08\/cropped-arrier-plan-transparent-rectangle.png\",\"width\":500,\"height\":203,\"caption\":\"Self Defense Rioz\"},\"image\":{\"@id\":\"https:\/\/karatedefenserioz.fr\/#\/schema\/logo\/image\/\"}}]}<\/script>\n<!-- \/ Yoast SEO plugin. -->","yoast_head_json":{"title":"Karat\u00e9 Goju Ryu - Karat\u00e9 D\u00e9fense Rioz","robots":{"index":"index","follow":"follow","max-snippet":"max-snippet:-1","max-image-preview":"max-image-preview:large","max-video-preview":"max-video-preview:-1"},"canonical":"https:\/\/karatedefenserioz.fr\/index.php\/karate-goju-ryu\/","og_locale":"fr_FR","og_type":"article","og_title":"Karat\u00e9 Goju Ryu - Karat\u00e9 D\u00e9fense Rioz","og_description":"L&rsquo;histoire du karat\u00e9 GOJU-RYU Les \u00e9changes culturels entre la Chine et l&rsquo;archipel des Ry\u00fb Ky\u00fb remontent \u00e0 1372, ann\u00e9e o\u00f9 le roi d&rsquo;Okinawa pr\u00eata all\u00e9geance \u00e0 l&#8217;empereur MING. Trente six familles chinoises, issues de la noblesse, s&rsquo;install\u00e8rent alors \u00e0 Okinawa, \u00e0 Kume pr\u00e8s de Naha. Elles apport\u00e8rent avec elles l&rsquo;art du combat chinois, certains desLire la suite","og_url":"https:\/\/karatedefenserioz.fr\/index.php\/karate-goju-ryu\/","og_site_name":"Karat\u00e9 D\u00e9fense Rioz","article_modified_time":"2021-10-06T20:52:49+00:00","twitter_card":"summary_large_image","twitter_misc":{"Dur\u00e9e de lecture estim\u00e9e":"4 minutes"},"schema":{"@context":"https:\/\/schema.org","@graph":[{"@type":"WebPage","@id":"https:\/\/karatedefenserioz.fr\/index.php\/karate-goju-ryu\/","url":"https:\/\/karatedefenserioz.fr\/index.php\/karate-goju-ryu\/","name":"Karat\u00e9 Goju Ryu - Karat\u00e9 D\u00e9fense Rioz","isPartOf":{"@id":"https:\/\/karatedefenserioz.fr\/#website"},"datePublished":"2020-06-06T15:57:40+00:00","dateModified":"2021-10-06T20:52:49+00:00","breadcrumb":{"@id":"https:\/\/karatedefenserioz.fr\/index.php\/karate-goju-ryu\/#breadcrumb"},"inLanguage":"fr-FR","potentialAction":[{"@type":"ReadAction","target":["https:\/\/karatedefenserioz.fr\/index.php\/karate-goju-ryu\/"]}]},{"@type":"BreadcrumbList","@id":"https:\/\/karatedefenserioz.fr\/index.php\/karate-goju-ryu\/#breadcrumb","itemListElement":[{"@type":"ListItem","position":1,"name":"Accueil","item":"https:\/\/karatedefenserioz.fr\/"},{"@type":"ListItem","position":2,"name":"Karat\u00e9 Goju Ryu"}]},{"@type":"WebSite","@id":"https:\/\/karatedefenserioz.fr\/#website","url":"https:\/\/karatedefenserioz.fr\/","name":"Self Defense Rioz","description":"Site de pr\u00e9sentation de l&#039;association self d\u00e9fense Rioz","publisher":{"@id":"https:\/\/karatedefenserioz.fr\/#organization"},"potentialAction":[{"@type":"SearchAction","target":{"@type":"EntryPoint","urlTemplate":"https:\/\/karatedefenserioz.fr\/?s={search_term_string}"},"query-input":{"@type":"PropertyValueSpecification","valueRequired":true,"valueName":"search_term_string"}}],"inLanguage":"fr-FR"},{"@type":"Organization","@id":"https:\/\/karatedefenserioz.fr\/#organization","name":"Self Defense Rioz","url":"https:\/\/karatedefenserioz.fr\/","logo":{"@type":"ImageObject","inLanguage":"fr-FR","@id":"https:\/\/karatedefenserioz.fr\/#\/schema\/logo\/image\/","url":"https:\/\/karatedefenserioz.fr\/wp-content\/uploads\/2025\/08\/cropped-arrier-plan-transparent-rectangle.png","contentUrl":"https:\/\/karatedefenserioz.fr\/wp-content\/uploads\/2025\/08\/cropped-arrier-plan-transparent-rectangle.png","width":500,"height":203,"caption":"Self Defense Rioz"},"image":{"@id":"https:\/\/karatedefenserioz.fr\/#\/schema\/logo\/image\/"}}]}},"_links":{"self":[{"href":"https:\/\/karatedefenserioz.fr\/index.php\/wp-json\/wp\/v2\/pages\/72","targetHints":{"allow":["GET"]}}],"collection":[{"href":"https:\/\/karatedefenserioz.fr\/index.php\/wp-json\/wp\/v2\/pages"}],"about":[{"href":"https:\/\/karatedefenserioz.fr\/index.php\/wp-json\/wp\/v2\/types\/page"}],"author":[{"embeddable":true,"href":"https:\/\/karatedefenserioz.fr\/index.php\/wp-json\/wp\/v2\/users\/1"}],"replies":[{"embeddable":true,"href":"https:\/\/karatedefenserioz.fr\/index.php\/wp-json\/wp\/v2\/comments?post=72"}],"version-history":[{"count":7,"href":"https:\/\/karatedefenserioz.fr\/index.php\/wp-json\/wp\/v2\/pages\/72\/revisions"}],"predecessor-version":[{"id":885,"href":"https:\/\/karatedefenserioz.fr\/index.php\/wp-json\/wp\/v2\/pages\/72\/revisions\/885"}],"wp:attachment":[{"href":"https:\/\/karatedefenserioz.fr\/index.php\/wp-json\/wp\/v2\/media?parent=72"}],"curies":[{"name":"wp","href":"https:\/\/api.w.org\/{rel}","templated":true}]}}