{"id":78,"date":"2020-06-06T17:59:26","date_gmt":"2020-06-06T15:59:26","guid":{"rendered":"http:\/\/selfdefenserioz.com\/?page_id=78"},"modified":"2021-01-06T18:47:31","modified_gmt":"2021-01-06T17:47:31","slug":"canne-irlandaise","status":"publish","type":"page","link":"https:\/\/karatedefenserioz.fr\/index.php\/canne-irlandaise\/","title":{"rendered":"B\u00e2ton Irlandais"},"content":{"rendered":"\n<p id=\"block-166f1317-8433-4b75-9f06-0b6300c78f24\">Black Velvet est une \u00e9cole sp\u00e9cialis\u00e9e dans la pratique, la formation et la diffusion\u00a0d\u2019une discipline moderne, ancr\u00e9e dans la tradition,\u00a0sans pour autant rester figer dans le pass\u00e9. Il s\u2019agit plus particuli\u00e8rement d\u2019un art du <strong>Combat au B\u00e2ton<\/strong> (Bataireacht) et \u00e0 <strong>Mains Nues<\/strong> (Bare\u00a0Knuckle).<\/p>\n\n\n\n<figure class=\"wp-block-image size-large\"><img decoding=\"async\" src=\"http:\/\/selfdefenserioz.com\/wp-content\/uploads\/2021\/01\/logo-black-velvet.png\" alt=\"logo black velvet\" class=\"wp-image-824\"\/><\/figure>\n\n\n\n<p id=\"block-30dcdf10-b324-4e3a-9272-a003fb0bc67a\">L\u2019optique entreprise par les fondateurs a \u00e9t\u00e9 de proposer une biom\u00e9canique adapt\u00e9e au cadre de la <strong>Self D\u00e9fense<\/strong>, coh\u00e9rente et respectueuse de la physiologie de chacun (taille, poids, \u00e2ge, sexe, etc\u2026). De plus, notre \u00e9cole s\u2019efforce d\u2019\u00eatre coh\u00e9rente vis-\u00e0-vis de l\u2019\u00e9tat d\u2019esprit des artistes martiaux de l\u2019Irlande ancienne, \u00e0 savoir une pratique r\u00e9ellement martiale, destin\u00e9e au combat r\u00e9el et non \u00e0 une pratique ludique et\/ou sportive.<\/p>\n\n\n\n<p id=\"block-95769c27-a1f7-4d69-a8d9-4c7bd68150fc\">Le <strong>Black Velvet<\/strong> se veut donc un style \u00e0 part enti\u00e8re, ind\u00e9pendant des \u00e9coles dites traditionnelles, telles que le style Doyle (RBUB) et l\u2019Antrim Bata. Il propose un bagage technique en partie commun \u00e0 ces styles, enrichit d\u2019autres apports issus, d\u2019une part, du Bataireacht des \u00e9coles modernes et de l\u2019Irish Bare Knuckle et d\u2019autre part, des diff\u00e9rents arts pratiqu\u00e9s par ses fondateurs. Le Black Velvet se situe donc au carrefour de la tradition et du modernisme.\u00a0<\/p>\n\n\n\n<p id=\"block-9aec57b0-4f6f-42c2-829a-cc12f0dbb236\">L\u2019\u00e9cole Black Velvet propose d\u2019acqu\u00e9rir des \u00e9l\u00e9ments de Self D\u00e9fense solides, tout en pr\u00e9servant la sant\u00e9 \u00e0 travers une biom\u00e9canique fortement empreinte de la sagesse des Arts Martiaux Internes. L\u2019alliance de la Boxe et du B\u00e2ton en fait un style \u00e9pur\u00e9, ne n\u00e9cessitant que peu d\u2019\u00e9quipements et donc de ce fait, facilement accessible d\u2019un point de vu financier.<br><\/p>\n\n\n\n<div class=\"wp-block-image\"><figure class=\"aligncenter size-large is-resized\"><img fetchpriority=\"high\" decoding=\"async\" src=\"http:\/\/selfdefenserioz.com\/wp-content\/uploads\/2020\/08\/baton.png\" alt=\"B\u00e2ton Irlandais\" class=\"wp-image-776\" width=\"462\" height=\"261\"\/><figcaption>B\u00e2ton irlandais<\/figcaption><\/figure><\/div>\n","protected":false},"excerpt":{"rendered":"<p>Black Velvet est une \u00e9cole sp\u00e9cialis\u00e9e dans la pratique, la formation et la diffusion\u00a0d\u2019une discipline moderne, ancr\u00e9e dans la tradition,\u00a0sans pour autant rester figer dans le pass\u00e9. Il s\u2019agit plus particuli\u00e8rement d\u2019un art du Combat au B\u00e2ton (Bataireacht) et \u00e0 Mains Nues (Bare\u00a0Knuckle). L\u2019optique entreprise par les fondateurs a \u00e9t\u00e9 de proposer une biom\u00e9canique adapt\u00e9e<\/p>\n<div><a class=\"btn-filled btn\" href=\"https:\/\/karatedefenserioz.fr\/index.php\/canne-irlandaise\/\" title=\"B\u00e2ton Irlandais\">Lire la suite<\/a><\/div>\n","protected":false},"author":1,"featured_media":0,"parent":0,"menu_order":0,"comment_status":"closed","ping_status":"closed","template":"page-templates\/full-width.php","meta":{"_monsterinsights_skip_tracking":false,"_monsterinsights_sitenote_active":false,"_monsterinsights_sitenote_note":"","_monsterinsights_sitenote_category":0,"footnotes":""},"class_list":["post-78","page","type-page","status-publish","hentry"],"yoast_head":"<!-- This site is optimized with the Yoast SEO plugin v25.1 - https:\/\/yoast.com\/wordpress\/plugins\/seo\/ -->\n<title>B\u00e2ton Irlandais - Karat\u00e9 D\u00e9fense Rioz<\/title>\n<meta name=\"robots\" content=\"index, follow, max-snippet:-1, max-image-preview:large, max-video-preview:-1\" \/>\n<link rel=\"canonical\" href=\"https:\/\/karatedefenserioz.fr\/index.php\/canne-irlandaise\/\" \/>\n<meta property=\"og:locale\" content=\"fr_FR\" \/>\n<meta property=\"og:type\" content=\"article\" \/>\n<meta property=\"og:title\" content=\"B\u00e2ton Irlandais - Karat\u00e9 D\u00e9fense Rioz\" \/>\n<meta property=\"og:description\" content=\"Black Velvet est une \u00e9cole sp\u00e9cialis\u00e9e dans la pratique, la formation et la diffusion\u00a0d\u2019une discipline moderne, ancr\u00e9e dans la tradition,\u00a0sans pour autant rester figer dans le pass\u00e9. Il s\u2019agit plus particuli\u00e8rement d\u2019un art du Combat au B\u00e2ton (Bataireacht) et \u00e0 Mains Nues (Bare\u00a0Knuckle). L\u2019optique entreprise par les fondateurs a \u00e9t\u00e9 de proposer une biom\u00e9canique adapt\u00e9eLire la suite\" \/>\n<meta property=\"og:url\" content=\"https:\/\/karatedefenserioz.fr\/index.php\/canne-irlandaise\/\" \/>\n<meta property=\"og:site_name\" content=\"Karat\u00e9 D\u00e9fense Rioz\" \/>\n<meta property=\"article:modified_time\" content=\"2021-01-06T17:47:31+00:00\" \/>\n<meta property=\"og:image\" content=\"http:\/\/selfdefenserioz.com\/wp-content\/uploads\/2021\/01\/logo-black-velvet.png\" \/>\n<meta name=\"twitter:card\" content=\"summary_large_image\" \/>\n<meta name=\"twitter:label1\" content=\"Dur\u00e9e de lecture estim\u00e9e\" \/>\n\t<meta name=\"twitter:data1\" content=\"1 minute\" \/>\n<script type=\"application\/ld+json\" class=\"yoast-schema-graph\">{\"@context\":\"https:\/\/schema.org\",\"@graph\":[{\"@type\":\"WebPage\",\"@id\":\"https:\/\/karatedefenserioz.fr\/index.php\/canne-irlandaise\/\",\"url\":\"https:\/\/karatedefenserioz.fr\/index.php\/canne-irlandaise\/\",\"name\":\"B\u00e2ton Irlandais - Karat\u00e9 D\u00e9fense Rioz\",\"isPartOf\":{\"@id\":\"https:\/\/karatedefenserioz.fr\/#website\"},\"primaryImageOfPage\":{\"@id\":\"https:\/\/karatedefenserioz.fr\/index.php\/canne-irlandaise\/#primaryimage\"},\"image\":{\"@id\":\"https:\/\/karatedefenserioz.fr\/index.php\/canne-irlandaise\/#primaryimage\"},\"thumbnailUrl\":\"http:\/\/selfdefenserioz.com\/wp-content\/uploads\/2021\/01\/logo-black-velvet.png\",\"datePublished\":\"2020-06-06T15:59:26+00:00\",\"dateModified\":\"2021-01-06T17:47:31+00:00\",\"breadcrumb\":{\"@id\":\"https:\/\/karatedefenserioz.fr\/index.php\/canne-irlandaise\/#breadcrumb\"},\"inLanguage\":\"fr-FR\",\"potentialAction\":[{\"@type\":\"ReadAction\",\"target\":[\"https:\/\/karatedefenserioz.fr\/index.php\/canne-irlandaise\/\"]}]},{\"@type\":\"ImageObject\",\"inLanguage\":\"fr-FR\",\"@id\":\"https:\/\/karatedefenserioz.fr\/index.php\/canne-irlandaise\/#primaryimage\",\"url\":\"http:\/\/selfdefenserioz.com\/wp-content\/uploads\/2021\/01\/logo-black-velvet.png\",\"contentUrl\":\"http:\/\/selfdefenserioz.com\/wp-content\/uploads\/2021\/01\/logo-black-velvet.png\"},{\"@type\":\"BreadcrumbList\",\"@id\":\"https:\/\/karatedefenserioz.fr\/index.php\/canne-irlandaise\/#breadcrumb\",\"itemListElement\":[{\"@type\":\"ListItem\",\"position\":1,\"name\":\"Accueil\",\"item\":\"https:\/\/karatedefenserioz.fr\/\"},{\"@type\":\"ListItem\",\"position\":2,\"name\":\"B\u00e2ton Irlandais\"}]},{\"@type\":\"WebSite\",\"@id\":\"https:\/\/karatedefenserioz.fr\/#website\",\"url\":\"https:\/\/karatedefenserioz.fr\/\",\"name\":\"Self Defense Rioz\",\"description\":\"Site de pr\u00e9sentation de l&#039;association self d\u00e9fense Rioz\",\"publisher\":{\"@id\":\"https:\/\/karatedefenserioz.fr\/#organization\"},\"potentialAction\":[{\"@type\":\"SearchAction\",\"target\":{\"@type\":\"EntryPoint\",\"urlTemplate\":\"https:\/\/karatedefenserioz.fr\/?s={search_term_string}\"},\"query-input\":{\"@type\":\"PropertyValueSpecification\",\"valueRequired\":true,\"valueName\":\"search_term_string\"}}],\"inLanguage\":\"fr-FR\"},{\"@type\":\"Organization\",\"@id\":\"https:\/\/karatedefenserioz.fr\/#organization\",\"name\":\"Self Defense Rioz\",\"url\":\"https:\/\/karatedefenserioz.fr\/\",\"logo\":{\"@type\":\"ImageObject\",\"inLanguage\":\"fr-FR\",\"@id\":\"https:\/\/karatedefenserioz.fr\/#\/schema\/logo\/image\/\",\"url\":\"https:\/\/karatedefenserioz.fr\/wp-content\/uploads\/2025\/08\/cropped-arrier-plan-transparent-rectangle.png\",\"contentUrl\":\"https:\/\/karatedefenserioz.fr\/wp-content\/uploads\/2025\/08\/cropped-arrier-plan-transparent-rectangle.png\",\"width\":500,\"height\":203,\"caption\":\"Self Defense Rioz\"},\"image\":{\"@id\":\"https:\/\/karatedefenserioz.fr\/#\/schema\/logo\/image\/\"}}]}<\/script>\n<!-- \/ Yoast SEO plugin. -->","yoast_head_json":{"title":"B\u00e2ton Irlandais - Karat\u00e9 D\u00e9fense Rioz","robots":{"index":"index","follow":"follow","max-snippet":"max-snippet:-1","max-image-preview":"max-image-preview:large","max-video-preview":"max-video-preview:-1"},"canonical":"https:\/\/karatedefenserioz.fr\/index.php\/canne-irlandaise\/","og_locale":"fr_FR","og_type":"article","og_title":"B\u00e2ton Irlandais - Karat\u00e9 D\u00e9fense Rioz","og_description":"Black Velvet est une \u00e9cole sp\u00e9cialis\u00e9e dans la pratique, la formation et la diffusion\u00a0d\u2019une discipline moderne, ancr\u00e9e dans la tradition,\u00a0sans pour autant rester figer dans le pass\u00e9. Il s\u2019agit plus particuli\u00e8rement d\u2019un art du Combat au B\u00e2ton (Bataireacht) et \u00e0 Mains Nues (Bare\u00a0Knuckle). L\u2019optique entreprise par les fondateurs a \u00e9t\u00e9 de proposer une biom\u00e9canique adapt\u00e9eLire la suite","og_url":"https:\/\/karatedefenserioz.fr\/index.php\/canne-irlandaise\/","og_site_name":"Karat\u00e9 D\u00e9fense Rioz","article_modified_time":"2021-01-06T17:47:31+00:00","og_image":[{"url":"http:\/\/selfdefenserioz.com\/wp-content\/uploads\/2021\/01\/logo-black-velvet.png","type":"","width":"","height":""}],"twitter_card":"summary_large_image","twitter_misc":{"Dur\u00e9e de lecture estim\u00e9e":"1 minute"},"schema":{"@context":"https:\/\/schema.org","@graph":[{"@type":"WebPage","@id":"https:\/\/karatedefenserioz.fr\/index.php\/canne-irlandaise\/","url":"https:\/\/karatedefenserioz.fr\/index.php\/canne-irlandaise\/","name":"B\u00e2ton Irlandais - Karat\u00e9 D\u00e9fense Rioz","isPartOf":{"@id":"https:\/\/karatedefenserioz.fr\/#website"},"primaryImageOfPage":{"@id":"https:\/\/karatedefenserioz.fr\/index.php\/canne-irlandaise\/#primaryimage"},"image":{"@id":"https:\/\/karatedefenserioz.fr\/index.php\/canne-irlandaise\/#primaryimage"},"thumbnailUrl":"http:\/\/selfdefenserioz.com\/wp-content\/uploads\/2021\/01\/logo-black-velvet.png","datePublished":"2020-06-06T15:59:26+00:00","dateModified":"2021-01-06T17:47:31+00:00","breadcrumb":{"@id":"https:\/\/karatedefenserioz.fr\/index.php\/canne-irlandaise\/#breadcrumb"},"inLanguage":"fr-FR","potentialAction":[{"@type":"ReadAction","target":["https:\/\/karatedefenserioz.fr\/index.php\/canne-irlandaise\/"]}]},{"@type":"ImageObject","inLanguage":"fr-FR","@id":"https:\/\/karatedefenserioz.fr\/index.php\/canne-irlandaise\/#primaryimage","url":"http:\/\/selfdefenserioz.com\/wp-content\/uploads\/2021\/01\/logo-black-velvet.png","contentUrl":"http:\/\/selfdefenserioz.com\/wp-content\/uploads\/2021\/01\/logo-black-velvet.png"},{"@type":"BreadcrumbList","@id":"https:\/\/karatedefenserioz.fr\/index.php\/canne-irlandaise\/#breadcrumb","itemListElement":[{"@type":"ListItem","position":1,"name":"Accueil","item":"https:\/\/karatedefenserioz.fr\/"},{"@type":"ListItem","position":2,"name":"B\u00e2ton Irlandais"}]},{"@type":"WebSite","@id":"https:\/\/karatedefenserioz.fr\/#website","url":"https:\/\/karatedefenserioz.fr\/","name":"Self Defense Rioz","description":"Site de pr\u00e9sentation de l&#039;association self d\u00e9fense Rioz","publisher":{"@id":"https:\/\/karatedefenserioz.fr\/#organization"},"potentialAction":[{"@type":"SearchAction","target":{"@type":"EntryPoint","urlTemplate":"https:\/\/karatedefenserioz.fr\/?s={search_term_string}"},"query-input":{"@type":"PropertyValueSpecification","valueRequired":true,"valueName":"search_term_string"}}],"inLanguage":"fr-FR"},{"@type":"Organization","@id":"https:\/\/karatedefenserioz.fr\/#organization","name":"Self Defense Rioz","url":"https:\/\/karatedefenserioz.fr\/","logo":{"@type":"ImageObject","inLanguage":"fr-FR","@id":"https:\/\/karatedefenserioz.fr\/#\/schema\/logo\/image\/","url":"https:\/\/karatedefenserioz.fr\/wp-content\/uploads\/2025\/08\/cropped-arrier-plan-transparent-rectangle.png","contentUrl":"https:\/\/karatedefenserioz.fr\/wp-content\/uploads\/2025\/08\/cropped-arrier-plan-transparent-rectangle.png","width":500,"height":203,"caption":"Self Defense Rioz"},"image":{"@id":"https:\/\/karatedefenserioz.fr\/#\/schema\/logo\/image\/"}}]}},"_links":{"self":[{"href":"https:\/\/karatedefenserioz.fr\/index.php\/wp-json\/wp\/v2\/pages\/78","targetHints":{"allow":["GET"]}}],"collection":[{"href":"https:\/\/karatedefenserioz.fr\/index.php\/wp-json\/wp\/v2\/pages"}],"about":[{"href":"https:\/\/karatedefenserioz.fr\/index.php\/wp-json\/wp\/v2\/types\/page"}],"author":[{"embeddable":true,"href":"https:\/\/karatedefenserioz.fr\/index.php\/wp-json\/wp\/v2\/users\/1"}],"replies":[{"embeddable":true,"href":"https:\/\/karatedefenserioz.fr\/index.php\/wp-json\/wp\/v2\/comments?post=78"}],"version-history":[{"count":11,"href":"https:\/\/karatedefenserioz.fr\/index.php\/wp-json\/wp\/v2\/pages\/78\/revisions"}],"predecessor-version":[{"id":828,"href":"https:\/\/karatedefenserioz.fr\/index.php\/wp-json\/wp\/v2\/pages\/78\/revisions\/828"}],"wp:attachment":[{"href":"https:\/\/karatedefenserioz.fr\/index.php\/wp-json\/wp\/v2\/media?parent=78"}],"curies":[{"name":"wp","href":"https:\/\/api.w.org\/{rel}","templated":true}]}}