{"id":989,"date":"2024-02-11T21:46:39","date_gmt":"2024-02-11T20:46:39","guid":{"rendered":"https:\/\/selfdefenserioz.com\/?page_id=989"},"modified":"2025-08-15T23:05:08","modified_gmt":"2025-08-15T21:05:08","slug":"fred","status":"publish","type":"page","link":"https:\/\/karatedefenserioz.fr\/index.php\/fred\/","title":{"rendered":"Frederic \u00a0Grisart"},"content":{"rendered":"\n<div class=\"wp-block-columns is-layout-flex wp-container-core-columns-is-layout-9d6595d7 wp-block-columns-is-layout-flex\">\n<div class=\"wp-block-column is-vertically-aligned-center is-layout-flow wp-block-column-is-layout-flow\">\n<div class=\"wp-block-group\"><div class=\"wp-block-group__inner-container is-layout-constrained wp-block-group-is-layout-constrained\">\n<div class=\"wp-block-media-text is-stacked-on-mobile\" style=\"grid-template-columns:30% auto\"><figure class=\"wp-block-media-text__media\"><img fetchpriority=\"high\" decoding=\"async\" width=\"641\" height=\"1024\" src=\"http:\/\/selfdefenserioz.com\/wp-content\/uploads\/2024\/03\/782985f2-05fa-498c-861d-7c465aa4beca-edited-641x1024.jpg\" alt=\"\" class=\"wp-image-1748 size-full\" srcset=\"https:\/\/karatedefenserioz.fr\/wp-content\/uploads\/2024\/03\/782985f2-05fa-498c-861d-7c465aa4beca-edited-641x1024.jpg 641w, https:\/\/karatedefenserioz.fr\/wp-content\/uploads\/2024\/03\/782985f2-05fa-498c-861d-7c465aa4beca-edited-188x300.jpg 188w, https:\/\/karatedefenserioz.fr\/wp-content\/uploads\/2024\/03\/782985f2-05fa-498c-861d-7c465aa4beca-edited-94x150.jpg 94w, https:\/\/karatedefenserioz.fr\/wp-content\/uploads\/2024\/03\/782985f2-05fa-498c-861d-7c465aa4beca-edited-73x116.jpg 73w, https:\/\/karatedefenserioz.fr\/wp-content\/uploads\/2024\/03\/782985f2-05fa-498c-861d-7c465aa4beca-edited.jpg 757w\" sizes=\"(max-width: 641px) 100vw, 641px\" \/><\/figure><div class=\"wp-block-media-text__content\">\n<p class=\"has-text-align-left\">Fred pratique le Karat\u00e9 depuis 2007, et continue r\u00e9guli\u00e8rement \u00e0 se former. Il obtient son <strong>2\u00e8 Dan <\/strong> en Juin 2024<\/p>\n\n\n\n<p class=\"has-text-align-left\">Il a pratiqu\u00e9 dans diff\u00e9rents styles de karat\u00e9, pendant 8 ans en <strong>Shotokan<\/strong> pour commencer. Ensuite il se tourne vers le style <strong>Shito Ryu<\/strong> pendant 3 ans avant de s&rsquo;orienter vers le style <strong>Goju Ryu<\/strong>, qu&rsquo;il pratique depuis 7 ans.<\/p>\n\n\n\n<p class=\"has-text-align-left\">C&rsquo;est riche de ses multiples exp\u00e9riences qu&rsquo;il partage ses connaissances et savoir-faire. <\/p>\n<\/div><\/div>\n<\/div><\/div>\n<\/div>\n<\/div>\n\n\n\n<p><\/p>\n","protected":false},"excerpt":{"rendered":"<p>Fred pratique le Karat\u00e9 depuis 2007, et continue r\u00e9guli\u00e8rement \u00e0 se former. Il obtient son 2\u00e8 Dan en Juin 2024 Il a pratiqu\u00e9 dans diff\u00e9rents styles de karat\u00e9, pendant 8 ans en Shotokan pour commencer. Ensuite il se tourne vers le style Shito Ryu pendant 3 ans avant de s&rsquo;orienter vers le style Goju Ryu,<\/p>\n<div><a class=\"btn-filled btn\" href=\"https:\/\/karatedefenserioz.fr\/index.php\/fred\/\" title=\"Frederic \u00a0Grisart\">Lire la suite<\/a><\/div>\n","protected":false},"author":4,"featured_media":0,"parent":0,"menu_order":0,"comment_status":"closed","ping_status":"closed","template":"elementor_header_footer","meta":{"_monsterinsights_skip_tracking":false,"_monsterinsights_sitenote_active":false,"_monsterinsights_sitenote_note":"","_monsterinsights_sitenote_category":0,"footnotes":""},"class_list":["post-989","page","type-page","status-publish","hentry"],"yoast_head":"<!-- This site is optimized with the Yoast SEO plugin v25.1 - https:\/\/yoast.com\/wordpress\/plugins\/seo\/ -->\n<title>Frederic \u00a0Grisart - Karat\u00e9 D\u00e9fense Rioz<\/title>\n<meta name=\"robots\" content=\"index, follow, max-snippet:-1, max-image-preview:large, max-video-preview:-1\" \/>\n<link rel=\"canonical\" href=\"https:\/\/karatedefenserioz.fr\/index.php\/fred\/\" \/>\n<meta property=\"og:locale\" content=\"fr_FR\" \/>\n<meta property=\"og:type\" content=\"article\" \/>\n<meta property=\"og:title\" content=\"Frederic \u00a0Grisart - Karat\u00e9 D\u00e9fense Rioz\" \/>\n<meta property=\"og:description\" content=\"Fred pratique le Karat\u00e9 depuis 2007, et continue r\u00e9guli\u00e8rement \u00e0 se former. Il obtient son 2\u00e8 Dan en Juin 2024 Il a pratiqu\u00e9 dans diff\u00e9rents styles de karat\u00e9, pendant 8 ans en Shotokan pour commencer. Ensuite il se tourne vers le style Shito Ryu pendant 3 ans avant de s&rsquo;orienter vers le style Goju Ryu,Lire la suite\" \/>\n<meta property=\"og:url\" content=\"https:\/\/karatedefenserioz.fr\/index.php\/fred\/\" \/>\n<meta property=\"og:site_name\" content=\"Karat\u00e9 D\u00e9fense Rioz\" \/>\n<meta property=\"article:modified_time\" content=\"2025-08-15T21:05:08+00:00\" \/>\n<meta property=\"og:image\" content=\"http:\/\/selfdefenserioz.com\/wp-content\/uploads\/2024\/03\/782985f2-05fa-498c-861d-7c465aa4beca-edited-641x1024.jpg\" \/>\n<meta name=\"twitter:card\" content=\"summary_large_image\" \/>\n<meta name=\"twitter:label1\" content=\"Dur\u00e9e de lecture estim\u00e9e\" \/>\n\t<meta name=\"twitter:data1\" content=\"1 minute\" \/>\n<script type=\"application\/ld+json\" class=\"yoast-schema-graph\">{\"@context\":\"https:\/\/schema.org\",\"@graph\":[{\"@type\":\"WebPage\",\"@id\":\"https:\/\/karatedefenserioz.fr\/index.php\/fred\/\",\"url\":\"https:\/\/karatedefenserioz.fr\/index.php\/fred\/\",\"name\":\"Frederic \u00a0Grisart - Karat\u00e9 D\u00e9fense Rioz\",\"isPartOf\":{\"@id\":\"https:\/\/karatedefenserioz.fr\/#website\"},\"primaryImageOfPage\":{\"@id\":\"https:\/\/karatedefenserioz.fr\/index.php\/fred\/#primaryimage\"},\"image\":{\"@id\":\"https:\/\/karatedefenserioz.fr\/index.php\/fred\/#primaryimage\"},\"thumbnailUrl\":\"http:\/\/selfdefenserioz.com\/wp-content\/uploads\/2024\/03\/782985f2-05fa-498c-861d-7c465aa4beca-edited-641x1024.jpg\",\"datePublished\":\"2024-02-11T20:46:39+00:00\",\"dateModified\":\"2025-08-15T21:05:08+00:00\",\"breadcrumb\":{\"@id\":\"https:\/\/karatedefenserioz.fr\/index.php\/fred\/#breadcrumb\"},\"inLanguage\":\"fr-FR\",\"potentialAction\":[{\"@type\":\"ReadAction\",\"target\":[\"https:\/\/karatedefenserioz.fr\/index.php\/fred\/\"]}]},{\"@type\":\"ImageObject\",\"inLanguage\":\"fr-FR\",\"@id\":\"https:\/\/karatedefenserioz.fr\/index.php\/fred\/#primaryimage\",\"url\":\"http:\/\/selfdefenserioz.com\/wp-content\/uploads\/2024\/03\/782985f2-05fa-498c-861d-7c465aa4beca-edited-641x1024.jpg\",\"contentUrl\":\"http:\/\/selfdefenserioz.com\/wp-content\/uploads\/2024\/03\/782985f2-05fa-498c-861d-7c465aa4beca-edited-641x1024.jpg\"},{\"@type\":\"BreadcrumbList\",\"@id\":\"https:\/\/karatedefenserioz.fr\/index.php\/fred\/#breadcrumb\",\"itemListElement\":[{\"@type\":\"ListItem\",\"position\":1,\"name\":\"Accueil\",\"item\":\"https:\/\/karatedefenserioz.fr\/\"},{\"@type\":\"ListItem\",\"position\":2,\"name\":\"Frederic \u00a0Grisart\"}]},{\"@type\":\"WebSite\",\"@id\":\"https:\/\/karatedefenserioz.fr\/#website\",\"url\":\"https:\/\/karatedefenserioz.fr\/\",\"name\":\"Self Defense Rioz\",\"description\":\"Site de pr\u00e9sentation de l&#039;association self d\u00e9fense Rioz\",\"publisher\":{\"@id\":\"https:\/\/karatedefenserioz.fr\/#organization\"},\"potentialAction\":[{\"@type\":\"SearchAction\",\"target\":{\"@type\":\"EntryPoint\",\"urlTemplate\":\"https:\/\/karatedefenserioz.fr\/?s={search_term_string}\"},\"query-input\":{\"@type\":\"PropertyValueSpecification\",\"valueRequired\":true,\"valueName\":\"search_term_string\"}}],\"inLanguage\":\"fr-FR\"},{\"@type\":\"Organization\",\"@id\":\"https:\/\/karatedefenserioz.fr\/#organization\",\"name\":\"Self Defense Rioz\",\"url\":\"https:\/\/karatedefenserioz.fr\/\",\"logo\":{\"@type\":\"ImageObject\",\"inLanguage\":\"fr-FR\",\"@id\":\"https:\/\/karatedefenserioz.fr\/#\/schema\/logo\/image\/\",\"url\":\"https:\/\/karatedefenserioz.fr\/wp-content\/uploads\/2025\/08\/cropped-arrier-plan-transparent-rectangle.png\",\"contentUrl\":\"https:\/\/karatedefenserioz.fr\/wp-content\/uploads\/2025\/08\/cropped-arrier-plan-transparent-rectangle.png\",\"width\":500,\"height\":203,\"caption\":\"Self Defense Rioz\"},\"image\":{\"@id\":\"https:\/\/karatedefenserioz.fr\/#\/schema\/logo\/image\/\"}}]}<\/script>\n<!-- \/ Yoast SEO plugin. -->","yoast_head_json":{"title":"Frederic \u00a0Grisart - Karat\u00e9 D\u00e9fense Rioz","robots":{"index":"index","follow":"follow","max-snippet":"max-snippet:-1","max-image-preview":"max-image-preview:large","max-video-preview":"max-video-preview:-1"},"canonical":"https:\/\/karatedefenserioz.fr\/index.php\/fred\/","og_locale":"fr_FR","og_type":"article","og_title":"Frederic \u00a0Grisart - Karat\u00e9 D\u00e9fense Rioz","og_description":"Fred pratique le Karat\u00e9 depuis 2007, et continue r\u00e9guli\u00e8rement \u00e0 se former. Il obtient son 2\u00e8 Dan en Juin 2024 Il a pratiqu\u00e9 dans diff\u00e9rents styles de karat\u00e9, pendant 8 ans en Shotokan pour commencer. Ensuite il se tourne vers le style Shito Ryu pendant 3 ans avant de s&rsquo;orienter vers le style Goju Ryu,Lire la suite","og_url":"https:\/\/karatedefenserioz.fr\/index.php\/fred\/","og_site_name":"Karat\u00e9 D\u00e9fense Rioz","article_modified_time":"2025-08-15T21:05:08+00:00","og_image":[{"url":"http:\/\/selfdefenserioz.com\/wp-content\/uploads\/2024\/03\/782985f2-05fa-498c-861d-7c465aa4beca-edited-641x1024.jpg","type":"","width":"","height":""}],"twitter_card":"summary_large_image","twitter_misc":{"Dur\u00e9e de lecture estim\u00e9e":"1 minute"},"schema":{"@context":"https:\/\/schema.org","@graph":[{"@type":"WebPage","@id":"https:\/\/karatedefenserioz.fr\/index.php\/fred\/","url":"https:\/\/karatedefenserioz.fr\/index.php\/fred\/","name":"Frederic \u00a0Grisart - Karat\u00e9 D\u00e9fense Rioz","isPartOf":{"@id":"https:\/\/karatedefenserioz.fr\/#website"},"primaryImageOfPage":{"@id":"https:\/\/karatedefenserioz.fr\/index.php\/fred\/#primaryimage"},"image":{"@id":"https:\/\/karatedefenserioz.fr\/index.php\/fred\/#primaryimage"},"thumbnailUrl":"http:\/\/selfdefenserioz.com\/wp-content\/uploads\/2024\/03\/782985f2-05fa-498c-861d-7c465aa4beca-edited-641x1024.jpg","datePublished":"2024-02-11T20:46:39+00:00","dateModified":"2025-08-15T21:05:08+00:00","breadcrumb":{"@id":"https:\/\/karatedefenserioz.fr\/index.php\/fred\/#breadcrumb"},"inLanguage":"fr-FR","potentialAction":[{"@type":"ReadAction","target":["https:\/\/karatedefenserioz.fr\/index.php\/fred\/"]}]},{"@type":"ImageObject","inLanguage":"fr-FR","@id":"https:\/\/karatedefenserioz.fr\/index.php\/fred\/#primaryimage","url":"http:\/\/selfdefenserioz.com\/wp-content\/uploads\/2024\/03\/782985f2-05fa-498c-861d-7c465aa4beca-edited-641x1024.jpg","contentUrl":"http:\/\/selfdefenserioz.com\/wp-content\/uploads\/2024\/03\/782985f2-05fa-498c-861d-7c465aa4beca-edited-641x1024.jpg"},{"@type":"BreadcrumbList","@id":"https:\/\/karatedefenserioz.fr\/index.php\/fred\/#breadcrumb","itemListElement":[{"@type":"ListItem","position":1,"name":"Accueil","item":"https:\/\/karatedefenserioz.fr\/"},{"@type":"ListItem","position":2,"name":"Frederic \u00a0Grisart"}]},{"@type":"WebSite","@id":"https:\/\/karatedefenserioz.fr\/#website","url":"https:\/\/karatedefenserioz.fr\/","name":"Self Defense Rioz","description":"Site de pr\u00e9sentation de l&#039;association self d\u00e9fense Rioz","publisher":{"@id":"https:\/\/karatedefenserioz.fr\/#organization"},"potentialAction":[{"@type":"SearchAction","target":{"@type":"EntryPoint","urlTemplate":"https:\/\/karatedefenserioz.fr\/?s={search_term_string}"},"query-input":{"@type":"PropertyValueSpecification","valueRequired":true,"valueName":"search_term_string"}}],"inLanguage":"fr-FR"},{"@type":"Organization","@id":"https:\/\/karatedefenserioz.fr\/#organization","name":"Self Defense Rioz","url":"https:\/\/karatedefenserioz.fr\/","logo":{"@type":"ImageObject","inLanguage":"fr-FR","@id":"https:\/\/karatedefenserioz.fr\/#\/schema\/logo\/image\/","url":"https:\/\/karatedefenserioz.fr\/wp-content\/uploads\/2025\/08\/cropped-arrier-plan-transparent-rectangle.png","contentUrl":"https:\/\/karatedefenserioz.fr\/wp-content\/uploads\/2025\/08\/cropped-arrier-plan-transparent-rectangle.png","width":500,"height":203,"caption":"Self Defense Rioz"},"image":{"@id":"https:\/\/karatedefenserioz.fr\/#\/schema\/logo\/image\/"}}]}},"_links":{"self":[{"href":"https:\/\/karatedefenserioz.fr\/index.php\/wp-json\/wp\/v2\/pages\/989","targetHints":{"allow":["GET"]}}],"collection":[{"href":"https:\/\/karatedefenserioz.fr\/index.php\/wp-json\/wp\/v2\/pages"}],"about":[{"href":"https:\/\/karatedefenserioz.fr\/index.php\/wp-json\/wp\/v2\/types\/page"}],"author":[{"embeddable":true,"href":"https:\/\/karatedefenserioz.fr\/index.php\/wp-json\/wp\/v2\/users\/4"}],"replies":[{"embeddable":true,"href":"https:\/\/karatedefenserioz.fr\/index.php\/wp-json\/wp\/v2\/comments?post=989"}],"version-history":[{"count":15,"href":"https:\/\/karatedefenserioz.fr\/index.php\/wp-json\/wp\/v2\/pages\/989\/revisions"}],"predecessor-version":[{"id":1883,"href":"https:\/\/karatedefenserioz.fr\/index.php\/wp-json\/wp\/v2\/pages\/989\/revisions\/1883"}],"wp:attachment":[{"href":"https:\/\/karatedefenserioz.fr\/index.php\/wp-json\/wp\/v2\/media?parent=989"}],"curies":[{"name":"wp","href":"https:\/\/api.w.org\/{rel}","templated":true}]}}